{"id":11981,"date":"2022-07-13T06:37:54","date_gmt":"2022-07-13T06:37:54","guid":{"rendered":"https:\/\/www.graswoodwide.com\/fassadenprodukte\/"},"modified":"2022-07-13T06:43:16","modified_gmt":"2022-07-13T06:43:16","slug":"fassadenprodukte","status":"publish","type":"page","link":"https:\/\/www.graswoodwide.com\/de\/fassadenprodukte\/","title":{"rendered":"Fassadenprodukte"},"content":{"rendered":"<p><div class=\"fusion-fullwidth fullwidth-box fusion-builder-row-1 nonhundred-percent-fullwidth non-hundred-percent-height-scrolling\" style=\"--awb-background-position:left top;--awb-border-sizes-top:0px;--awb-border-sizes-bottom:0px;--awb-border-sizes-left:0px;--awb-border-sizes-right:0px;--awb-border-radius-top-left:0px;--awb-border-radius-top-right:0px;--awb-border-radius-bottom-right:0px;--awb-border-radius-bottom-left:0px;--awb-padding-top:50px;--awb-padding-bottom:50px;--awb-flex-wrap:wrap;\" ><div class=\"fusion-builder-row fusion-row\"><div class=\"fusion-layout-column fusion_builder_column fusion-builder-column-0 fusion_builder_column_1_1 1_1 fusion-one-full fusion-column-first fusion-column-last\" style=\"--awb-bg-size:cover;\"><div class=\"fusion-column-wrapper fusion-column-has-shadow fusion-flex-column-wrapper-legacy\"><div class=\"fusion-text fusion-text-1\"><h2>EINLEITUNG<\/h2>\n<\/div><div class=\"fusion-sep-clear\"><\/div><div class=\"fusion-separator fusion-clearfix\" style=\"float:left;margin-top:0px;margin-bottom:35px;width:100%;max-width:170px;\"><div class=\"fusion-separator-border sep-single sep-solid\" style=\"--awb-height:20px;--awb-amount:20px;border-color:#e0dede;border-top-width:3px;\"><\/div><\/div><div class=\"fusion-sep-clear\"><\/div><div class=\"fusion-text fusion-text-2\" style=\"--awb-text-transform:none;\"><h3>Gras Wood Wide ist der f\u00fchrende Experte f\u00fcr Fassadenverkleidungen mit verschiedenen Holzarten<\/h3>\n<\/div><div class=\"fusion-sep-clear\"><\/div><div class=\"fusion-separator fusion-clearfix\" style=\"float:left;margin-top:0px;margin-bottom:20px;width:100%;max-width:170px;\"><\/div><div class=\"fusion-sep-clear\"><\/div><div class=\"fusion-text fusion-text-3\" style=\"--awb-text-transform:none;\"><p align=\"justify\">Gras Wood Wide ist ein Unternehmen, bei dem der Schwerpunkt auf der Lieferung von Holzprodukten f\u00fcr Fassadenverkleidungen\/Fassaden liegt. Wir liefern verschiedene Holzarten, darunter Rotzedernholz (PureCedar), thermisch modifiziertes Fichten- und Kiefernholz (Lunawood) und sibirisches L\u00e4rchenholz (Sila). Diese Produkte k\u00f6nnen auf verschiedene Arten und nach Belieben verarbeitet, sprich: gehobelt, profiliert, lackiert oder feuerhemmend beschichtet werden. Dies ist unsere Antwort auf die steigende Nachfrage nach schneller Lieferung und vorverarbeiteter Produkte &#8211; da der heutige Kunde immer weniger selbst verarbeitet.<\/p>\n<p>Mit unserem spezifischen Lieferprogramm sind wir einer der f\u00fchrenden Akteure auf dem niederl\u00e4ndischen Holzmarkt. Dar\u00fcber hinaus bieten wir als Lagerlieferant wichtige Vorteile in Bezug auf Lieferzeiten und Flexibilit\u00e4t. Ein ausgekl\u00fcgeltes Logistiksystem sorgt daf\u00fcr, dass auf jede Frage &#8218;just in time&#8216; die passende Antwort gegeben wird. Au\u00dferdem haben wir auch das Know-how, Ihre Holzprodukte perfekt zu verarbeiten und sie mit Dauerhaftigkeit, Modifikation und Brandschutz zu versehen. Das alles macht Gras Wood Wide zu Ihrem perfekten Partner &#8211; was auch immer Sie mit Holz gestalten m\u00f6chten!<\/p>\n<p>Gras Wood Wide ist stolz darauf, berichten zu k\u00f6nnen, dass 99% des gehandelten Holzes PEFC\u2122- oder FSC<sup>\u00ae<\/sup>-zertifiziert ist und somit nachweislich aus nachhaltiger Produktion stammt.<\/p>\n<\/div><div class=\"fusion-clearfix\"><\/div><\/div><\/div><\/div><\/div><div class=\"fusion-fullwidth fullwidth-box fusion-builder-row-2 nonhundred-percent-fullwidth non-hundred-percent-height-scrolling\" style=\"--awb-border-radius-top-left:0px;--awb-border-radius-top-right:0px;--awb-border-radius-bottom-right:0px;--awb-border-radius-bottom-left:0px;--awb-padding-bottom:60px;--awb-margin-bottom:70px;--awb-background-image:linear-gradient(180deg, rgba(255,255,255,0) 0%,rgba(235,233,229,0.8) 47%);--awb-flex-wrap:wrap;\" ><div class=\"fusion-builder-row fusion-row\"><div class=\"fusion-layout-column fusion_builder_column fusion-builder-column-1 fusion_builder_column_1_3 1_3 fusion-one-third fusion-column-first\" style=\"--awb-bg-size:cover;width:33.333333333333%;width:calc(33.333333333333% - ( ( 4% + 4% ) * 0.33333333333333 ) );margin-right: 4%;\"><div class=\"fusion-column-wrapper fusion-flex-column-wrapper-legacy\"><div class=\"fusion-text fusion-text-4\" style=\"--awb-text-transform:none;\"><p><a href=\"https:\/\/www.graswoodwide.com\/de\/lunawood\/\"><img decoding=\"async\" class=\"lazyload wp-image-11427 size-full aligncenter\" src=\"https:\/\/www.graswoodwide.com\/wp-content\/uploads\/Lunawood-3.jpg\" data-orig-src=\"https:\/\/www.graswoodwide.com\/wp-content\/uploads\/Lunawood-3.jpg\" alt=\"\" width=\"480\" height=\"320\" srcset=\"data:image\/svg+xml,%3Csvg%20xmlns%3D%27http%3A%2F%2Fwww.w3.org%2F2000%2Fsvg%27%20width%3D%27480%27%20height%3D%27320%27%20viewBox%3D%270%200%20480%20320%27%3E%3Crect%20width%3D%27480%27%20height%3D%27320%27%20fill-opacity%3D%220%22%2F%3E%3C%2Fsvg%3E\" data-srcset=\"https:\/\/www.graswoodwide.com\/wp-content\/uploads\/Lunawood-3-200x133.jpg 200w, https:\/\/www.graswoodwide.com\/wp-content\/uploads\/Lunawood-3-300x200.jpg 300w, https:\/\/www.graswoodwide.com\/wp-content\/uploads\/Lunawood-3-400x267.jpg 400w, https:\/\/www.graswoodwide.com\/wp-content\/uploads\/Lunawood-3.jpg 480w\" data-sizes=\"auto\" data-orig-sizes=\"(max-width: 480px) 100vw, 480px\" \/><\/a><\/p>\n<\/div><div class=\"fusion-clearfix\"><\/div><\/div><\/div><div class=\"fusion-layout-column fusion_builder_column fusion-builder-column-2 fusion_builder_column_1_3 1_3 fusion-one-third\" style=\"--awb-bg-size:cover;width:33.333333333333%;width:calc(33.333333333333% - ( ( 4% + 4% ) * 0.33333333333333 ) );margin-right: 4%;\"><div class=\"fusion-column-wrapper fusion-flex-column-wrapper-legacy\"><div class=\"fusion-text fusion-text-5\" style=\"--awb-text-transform:none;\"><p><a href=\"https:\/\/www.graswoodwide.com\/de\/royal-wood-marnar-bruk\/\"><img decoding=\"async\" class=\"lazyload wp-image-11433 size-full aligncenter\" src=\"https:\/\/www.graswoodwide.com\/wp-content\/uploads\/Royal-Wood.jpg\" data-orig-src=\"https:\/\/www.graswoodwide.com\/wp-content\/uploads\/Royal-Wood.jpg\" alt=\"\" width=\"480\" height=\"320\" srcset=\"data:image\/svg+xml,%3Csvg%20xmlns%3D%27http%3A%2F%2Fwww.w3.org%2F2000%2Fsvg%27%20width%3D%27480%27%20height%3D%27320%27%20viewBox%3D%270%200%20480%20320%27%3E%3Crect%20width%3D%27480%27%20height%3D%27320%27%20fill-opacity%3D%220%22%2F%3E%3C%2Fsvg%3E\" data-srcset=\"https:\/\/www.graswoodwide.com\/wp-content\/uploads\/Royal-Wood-200x133.jpg 200w, https:\/\/www.graswoodwide.com\/wp-content\/uploads\/Royal-Wood-300x200.jpg 300w, https:\/\/www.graswoodwide.com\/wp-content\/uploads\/Royal-Wood-400x267.jpg 400w, https:\/\/www.graswoodwide.com\/wp-content\/uploads\/Royal-Wood.jpg 480w\" data-sizes=\"auto\" data-orig-sizes=\"(max-width: 480px) 100vw, 480px\" \/><\/a><\/p>\n<\/div><div class=\"fusion-clearfix\"><\/div><\/div><\/div><div class=\"fusion-layout-column fusion_builder_column fusion-builder-column-3 fusion_builder_column_1_3 1_3 fusion-one-third fusion-column-last\" style=\"--awb-bg-size:cover;width:33.333333333333%;width:calc(33.333333333333% - ( ( 4% + 4% ) * 0.33333333333333 ) );\"><div class=\"fusion-column-wrapper fusion-flex-column-wrapper-legacy\"><div class=\"fusion-text fusion-text-6\" style=\"--awb-text-transform:none;\"><p><a href=\"https:\/\/www.graswoodwide.com\/de\/purecedar\/\"><img decoding=\"async\" class=\"lazyload wp-image-11442 size-full aligncenter\" src=\"https:\/\/www.graswoodwide.com\/wp-content\/uploads\/PureCedar.jpg\" data-orig-src=\"https:\/\/www.graswoodwide.com\/wp-content\/uploads\/PureCedar.jpg\" alt=\"\" width=\"480\" height=\"320\" srcset=\"data:image\/svg+xml,%3Csvg%20xmlns%3D%27http%3A%2F%2Fwww.w3.org%2F2000%2Fsvg%27%20width%3D%27480%27%20height%3D%27320%27%20viewBox%3D%270%200%20480%20320%27%3E%3Crect%20width%3D%27480%27%20height%3D%27320%27%20fill-opacity%3D%220%22%2F%3E%3C%2Fsvg%3E\" data-srcset=\"https:\/\/www.graswoodwide.com\/wp-content\/uploads\/PureCedar-200x133.jpg 200w, https:\/\/www.graswoodwide.com\/wp-content\/uploads\/PureCedar-300x200.jpg 300w, https:\/\/www.graswoodwide.com\/wp-content\/uploads\/PureCedar-400x267.jpg 400w, https:\/\/www.graswoodwide.com\/wp-content\/uploads\/PureCedar.jpg 480w\" data-sizes=\"auto\" data-orig-sizes=\"(max-width: 480px) 100vw, 480px\" \/><\/a><\/p>\n<\/div><div class=\"fusion-clearfix\"><\/div><\/div><\/div><div class=\"fusion-layout-column fusion_builder_column fusion-builder-column-4 fusion_builder_column_1_3 1_3 fusion-one-third fusion-column-first\" style=\"--awb-bg-size:cover;width:33.333333333333%;width:calc(33.333333333333% - ( ( 4% + 4% ) * 0.33333333333333 ) );margin-right: 4%;\"><div class=\"fusion-column-wrapper fusion-flex-column-wrapper-legacy\"><div class=\"fusion-text fusion-text-7\" style=\"--awb-text-transform:none;\"><p><a href=\"https:\/\/www.graswoodwide.com\/de\/cedar-fix\/\"><img decoding=\"async\" class=\"lazyload wp-image-11446 size-full aligncenter\" src=\"https:\/\/www.graswoodwide.com\/wp-content\/uploads\/CedarFix.jpg\" data-orig-src=\"https:\/\/www.graswoodwide.com\/wp-content\/uploads\/CedarFix.jpg\" alt=\"\" width=\"480\" height=\"320\" srcset=\"data:image\/svg+xml,%3Csvg%20xmlns%3D%27http%3A%2F%2Fwww.w3.org%2F2000%2Fsvg%27%20width%3D%27480%27%20height%3D%27320%27%20viewBox%3D%270%200%20480%20320%27%3E%3Crect%20width%3D%27480%27%20height%3D%27320%27%20fill-opacity%3D%220%22%2F%3E%3C%2Fsvg%3E\" data-srcset=\"https:\/\/www.graswoodwide.com\/wp-content\/uploads\/CedarFix-200x133.jpg 200w, https:\/\/www.graswoodwide.com\/wp-content\/uploads\/CedarFix-300x200.jpg 300w, https:\/\/www.graswoodwide.com\/wp-content\/uploads\/CedarFix-400x267.jpg 400w, https:\/\/www.graswoodwide.com\/wp-content\/uploads\/CedarFix.jpg 480w\" data-sizes=\"auto\" data-orig-sizes=\"(max-width: 480px) 100vw, 480px\" \/><\/a><\/p>\n<\/div><div class=\"fusion-clearfix\"><\/div><\/div><\/div><div class=\"fusion-layout-column fusion_builder_column fusion-builder-column-5 fusion_builder_column_1_3 1_3 fusion-one-third\" style=\"--awb-bg-size:cover;width:33.333333333333%;width:calc(33.333333333333% - ( ( 4% + 4% ) * 0.33333333333333 ) );margin-right: 4%;\"><div class=\"fusion-column-wrapper fusion-flex-column-wrapper-legacy\"><div class=\"fusion-text fusion-text-8\" style=\"--awb-text-transform:none;\"><p><a href=\"https:\/\/www.graswoodwide.com\/de\/sila\/\"><img decoding=\"async\" class=\"lazyload wp-image-11450 size-full aligncenter\" src=\"https:\/\/www.graswoodwide.com\/wp-content\/uploads\/Sila.jpg\" data-orig-src=\"https:\/\/www.graswoodwide.com\/wp-content\/uploads\/Sila.jpg\" alt=\"\" width=\"480\" height=\"320\" srcset=\"data:image\/svg+xml,%3Csvg%20xmlns%3D%27http%3A%2F%2Fwww.w3.org%2F2000%2Fsvg%27%20width%3D%27480%27%20height%3D%27320%27%20viewBox%3D%270%200%20480%20320%27%3E%3Crect%20width%3D%27480%27%20height%3D%27320%27%20fill-opacity%3D%220%22%2F%3E%3C%2Fsvg%3E\" data-srcset=\"https:\/\/www.graswoodwide.com\/wp-content\/uploads\/Sila-200x133.jpg 200w, https:\/\/www.graswoodwide.com\/wp-content\/uploads\/Sila-300x200.jpg 300w, https:\/\/www.graswoodwide.com\/wp-content\/uploads\/Sila-400x267.jpg 400w, https:\/\/www.graswoodwide.com\/wp-content\/uploads\/Sila.jpg 480w\" data-sizes=\"auto\" data-orig-sizes=\"(max-width: 480px) 100vw, 480px\" \/><\/a><\/p>\n<\/div><div class=\"fusion-clearfix\"><\/div><\/div><\/div><div class=\"fusion-layout-column fusion_builder_column fusion-builder-column-6 fusion_builder_column_1_3 1_3 fusion-one-third fusion-column-last\" style=\"--awb-bg-size:cover;width:33.333333333333%;width:calc(33.333333333333% - ( ( 4% + 4% ) * 0.33333333333333 ) );\"><div class=\"fusion-column-wrapper fusion-flex-column-wrapper-legacy\"><div class=\"fusion-text fusion-text-9\" style=\"--awb-text-transform:none;\"><p><a href=\"https:\/\/www.graswoodwide.com\/de\/zaans-zwart\/\"><img decoding=\"async\" class=\"lazyload wp-image-11454 size-full aligncenter\" src=\"https:\/\/www.graswoodwide.com\/wp-content\/uploads\/ZaansZwart.jpg\" data-orig-src=\"https:\/\/www.graswoodwide.com\/wp-content\/uploads\/ZaansZwart.jpg\" alt=\"\" width=\"480\" height=\"320\" srcset=\"data:image\/svg+xml,%3Csvg%20xmlns%3D%27http%3A%2F%2Fwww.w3.org%2F2000%2Fsvg%27%20width%3D%27480%27%20height%3D%27320%27%20viewBox%3D%270%200%20480%20320%27%3E%3Crect%20width%3D%27480%27%20height%3D%27320%27%20fill-opacity%3D%220%22%2F%3E%3C%2Fsvg%3E\" data-srcset=\"https:\/\/www.graswoodwide.com\/wp-content\/uploads\/ZaansZwart-200x133.jpg 200w, https:\/\/www.graswoodwide.com\/wp-content\/uploads\/ZaansZwart-300x200.jpg 300w, https:\/\/www.graswoodwide.com\/wp-content\/uploads\/ZaansZwart-400x267.jpg 400w, https:\/\/www.graswoodwide.com\/wp-content\/uploads\/ZaansZwart.jpg 480w\" data-sizes=\"auto\" data-orig-sizes=\"(max-width: 480px) 100vw, 480px\" \/><\/a><\/p>\n<\/div><div class=\"fusion-clearfix\"><\/div><\/div><\/div><\/div><\/div><\/p>\n","protected":false},"excerpt":{"rendered":"","protected":false},"author":22,"featured_media":0,"parent":0,"menu_order":16,"comment_status":"closed","ping_status":"closed","template":"100-width.php","meta":{"footnotes":""},"class_list":["post-11981","page","type-page","status-publish","hentry"],"yoast_head":"<!-- This site is optimized with the Yoast SEO plugin v27.2 - https:\/\/yoast.com\/product\/yoast-seo-wordpress\/ -->\n<title>Fassadenprodukte - Gras Wood Wide BV Zaandam - D\u00e9 houtimporteur van Nederland<\/title>\n<meta name=\"robots\" content=\"index, follow, max-snippet:-1, max-image-preview:large, max-video-preview:-1\" \/>\n<link rel=\"canonical\" href=\"https:\/\/www.graswoodwide.com\/de\/fassadenprodukte\/\" \/>\n<meta property=\"og:locale\" content=\"de_DE\" \/>\n<meta property=\"og:type\" content=\"article\" \/>\n<meta property=\"og:title\" content=\"Fassadenprodukte - Gras Wood Wide BV Zaandam - D\u00e9 houtimporteur van Nederland\" \/>\n<meta property=\"og:url\" content=\"https:\/\/www.graswoodwide.com\/de\/fassadenprodukte\/\" \/>\n<meta property=\"og:site_name\" content=\"Gras Wood Wide BV Zaandam - D\u00e9 houtimporteur van Nederland\" \/>\n<meta property=\"article:publisher\" content=\"https:\/\/www.facebook.com\/GrasWoodWide\/\" \/>\n<meta property=\"article:modified_time\" content=\"2022-07-13T06:43:16+00:00\" \/>\n<meta property=\"og:image\" content=\"https:\/\/www.graswoodwide.com\/wp-content\/uploads\/Lunawood-3.jpg\" \/>\n<meta name=\"twitter:label1\" content=\"Gesch\u00e4tzte Lesezeit\" \/>\n\t<meta name=\"twitter:data1\" content=\"14\u00a0Minuten\" \/>\n<script type=\"application\/ld+json\" class=\"yoast-schema-graph\">{\"@context\":\"https:\/\/schema.org\",\"@graph\":[{\"@type\":\"WebPage\",\"@id\":\"https:\/\/www.graswoodwide.com\/de\/fassadenprodukte\/\",\"url\":\"https:\/\/www.graswoodwide.com\/de\/fassadenprodukte\/\",\"name\":\"Fassadenprodukte - Gras Wood Wide BV Zaandam - D\u00e9 houtimporteur van Nederland\",\"isPartOf\":{\"@id\":\"https:\/\/www.graswoodwide.com\/de\/#website\"},\"primaryImageOfPage\":{\"@id\":\"https:\/\/www.graswoodwide.com\/de\/fassadenprodukte\/#primaryimage\"},\"image\":{\"@id\":\"https:\/\/www.graswoodwide.com\/de\/fassadenprodukte\/#primaryimage\"},\"thumbnailUrl\":\"https:\/\/www.graswoodwide.com\/wp-content\/uploads\/Lunawood-3.jpg\",\"datePublished\":\"2022-07-13T06:37:54+00:00\",\"dateModified\":\"2022-07-13T06:43:16+00:00\",\"breadcrumb\":{\"@id\":\"https:\/\/www.graswoodwide.com\/de\/fassadenprodukte\/#breadcrumb\"},\"inLanguage\":\"de\",\"potentialAction\":[{\"@type\":\"ReadAction\",\"target\":[\"https:\/\/www.graswoodwide.com\/de\/fassadenprodukte\/\"]}]},{\"@type\":\"ImageObject\",\"inLanguage\":\"de\",\"@id\":\"https:\/\/www.graswoodwide.com\/de\/fassadenprodukte\/#primaryimage\",\"url\":\"https:\/\/www.graswoodwide.com\/wp-content\/uploads\/Lunawood-3.jpg\",\"contentUrl\":\"https:\/\/www.graswoodwide.com\/wp-content\/uploads\/Lunawood-3.jpg\"},{\"@type\":\"BreadcrumbList\",\"@id\":\"https:\/\/www.graswoodwide.com\/de\/fassadenprodukte\/#breadcrumb\",\"itemListElement\":[{\"@type\":\"ListItem\",\"position\":1,\"name\":\"Home\",\"item\":\"https:\/\/www.graswoodwide.com\/de\/\"},{\"@type\":\"ListItem\",\"position\":2,\"name\":\"Fassadenprodukte\"}]},{\"@type\":\"WebSite\",\"@id\":\"https:\/\/www.graswoodwide.com\/de\/#website\",\"url\":\"https:\/\/www.graswoodwide.com\/de\/\",\"name\":\"Gras Wood Wide BV Zaandam - D\u00e9 houtimporteur van Nederland\",\"description\":\"D\u00e9 houtimporteurs van Nederland!\",\"publisher\":{\"@id\":\"https:\/\/www.graswoodwide.com\/de\/#organization\"},\"potentialAction\":[{\"@type\":\"SearchAction\",\"target\":{\"@type\":\"EntryPoint\",\"urlTemplate\":\"https:\/\/www.graswoodwide.com\/de\/?s={search_term_string}\"},\"query-input\":{\"@type\":\"PropertyValueSpecification\",\"valueRequired\":true,\"valueName\":\"search_term_string\"}}],\"inLanguage\":\"de\"},{\"@type\":\"Organization\",\"@id\":\"https:\/\/www.graswoodwide.com\/de\/#organization\",\"name\":\"Gras Wood Wide BV; d\u00e9 houtimporteurs in Nederland\",\"url\":\"https:\/\/www.graswoodwide.com\/de\/\",\"logo\":{\"@type\":\"ImageObject\",\"inLanguage\":\"de\",\"@id\":\"https:\/\/www.graswoodwide.com\/de\/#\/schema\/logo\/image\/\",\"url\":\"https:\/\/www.graswoodwide.com\/wp-content\/uploads\/Woodwide-logo1-trans.png\",\"contentUrl\":\"https:\/\/www.graswoodwide.com\/wp-content\/uploads\/Woodwide-logo1-trans.png\",\"width\":421,\"height\":224,\"caption\":\"Gras Wood Wide BV; d\u00e9 houtimporteurs in Nederland\"},\"image\":{\"@id\":\"https:\/\/www.graswoodwide.com\/de\/#\/schema\/logo\/image\/\"},\"sameAs\":[\"https:\/\/www.facebook.com\/GrasWoodWide\/\",\"https:\/\/x.com\/GrasWoodWide\",\"https:\/\/www.instagram.com\/graswoodwide\/\",\"https:\/\/www.linkedin.com\/company\/graswoodwide\/\"]}]}<\/script>\n<!-- \/ Yoast SEO plugin. -->","yoast_head_json":{"title":"Fassadenprodukte - Gras Wood Wide BV Zaandam - D\u00e9 houtimporteur van Nederland","robots":{"index":"index","follow":"follow","max-snippet":"max-snippet:-1","max-image-preview":"max-image-preview:large","max-video-preview":"max-video-preview:-1"},"canonical":"https:\/\/www.graswoodwide.com\/de\/fassadenprodukte\/","og_locale":"de_DE","og_type":"article","og_title":"Fassadenprodukte - Gras Wood Wide BV Zaandam - D\u00e9 houtimporteur van Nederland","og_url":"https:\/\/www.graswoodwide.com\/de\/fassadenprodukte\/","og_site_name":"Gras Wood Wide BV Zaandam - D\u00e9 houtimporteur van Nederland","article_publisher":"https:\/\/www.facebook.com\/GrasWoodWide\/","article_modified_time":"2022-07-13T06:43:16+00:00","og_image":[{"url":"https:\/\/www.graswoodwide.com\/wp-content\/uploads\/Lunawood-3.jpg","type":"","width":"","height":""}],"twitter_misc":{"Gesch\u00e4tzte Lesezeit":"14\u00a0Minuten"},"schema":{"@context":"https:\/\/schema.org","@graph":[{"@type":"WebPage","@id":"https:\/\/www.graswoodwide.com\/de\/fassadenprodukte\/","url":"https:\/\/www.graswoodwide.com\/de\/fassadenprodukte\/","name":"Fassadenprodukte - Gras Wood Wide BV Zaandam - D\u00e9 houtimporteur van Nederland","isPartOf":{"@id":"https:\/\/www.graswoodwide.com\/de\/#website"},"primaryImageOfPage":{"@id":"https:\/\/www.graswoodwide.com\/de\/fassadenprodukte\/#primaryimage"},"image":{"@id":"https:\/\/www.graswoodwide.com\/de\/fassadenprodukte\/#primaryimage"},"thumbnailUrl":"https:\/\/www.graswoodwide.com\/wp-content\/uploads\/Lunawood-3.jpg","datePublished":"2022-07-13T06:37:54+00:00","dateModified":"2022-07-13T06:43:16+00:00","breadcrumb":{"@id":"https:\/\/www.graswoodwide.com\/de\/fassadenprodukte\/#breadcrumb"},"inLanguage":"de","potentialAction":[{"@type":"ReadAction","target":["https:\/\/www.graswoodwide.com\/de\/fassadenprodukte\/"]}]},{"@type":"ImageObject","inLanguage":"de","@id":"https:\/\/www.graswoodwide.com\/de\/fassadenprodukte\/#primaryimage","url":"https:\/\/www.graswoodwide.com\/wp-content\/uploads\/Lunawood-3.jpg","contentUrl":"https:\/\/www.graswoodwide.com\/wp-content\/uploads\/Lunawood-3.jpg"},{"@type":"BreadcrumbList","@id":"https:\/\/www.graswoodwide.com\/de\/fassadenprodukte\/#breadcrumb","itemListElement":[{"@type":"ListItem","position":1,"name":"Home","item":"https:\/\/www.graswoodwide.com\/de\/"},{"@type":"ListItem","position":2,"name":"Fassadenprodukte"}]},{"@type":"WebSite","@id":"https:\/\/www.graswoodwide.com\/de\/#website","url":"https:\/\/www.graswoodwide.com\/de\/","name":"Gras Wood Wide BV Zaandam - D\u00e9 houtimporteur van Nederland","description":"D\u00e9 houtimporteurs van Nederland!","publisher":{"@id":"https:\/\/www.graswoodwide.com\/de\/#organization"},"potentialAction":[{"@type":"SearchAction","target":{"@type":"EntryPoint","urlTemplate":"https:\/\/www.graswoodwide.com\/de\/?s={search_term_string}"},"query-input":{"@type":"PropertyValueSpecification","valueRequired":true,"valueName":"search_term_string"}}],"inLanguage":"de"},{"@type":"Organization","@id":"https:\/\/www.graswoodwide.com\/de\/#organization","name":"Gras Wood Wide BV; d\u00e9 houtimporteurs in Nederland","url":"https:\/\/www.graswoodwide.com\/de\/","logo":{"@type":"ImageObject","inLanguage":"de","@id":"https:\/\/www.graswoodwide.com\/de\/#\/schema\/logo\/image\/","url":"https:\/\/www.graswoodwide.com\/wp-content\/uploads\/Woodwide-logo1-trans.png","contentUrl":"https:\/\/www.graswoodwide.com\/wp-content\/uploads\/Woodwide-logo1-trans.png","width":421,"height":224,"caption":"Gras Wood Wide BV; d\u00e9 houtimporteurs in Nederland"},"image":{"@id":"https:\/\/www.graswoodwide.com\/de\/#\/schema\/logo\/image\/"},"sameAs":["https:\/\/www.facebook.com\/GrasWoodWide\/","https:\/\/x.com\/GrasWoodWide","https:\/\/www.instagram.com\/graswoodwide\/","https:\/\/www.linkedin.com\/company\/graswoodwide\/"]}]}},"_links":{"self":[{"href":"https:\/\/www.graswoodwide.com\/de\/wp-json\/wp\/v2\/pages\/11981","targetHints":{"allow":["GET"]}}],"collection":[{"href":"https:\/\/www.graswoodwide.com\/de\/wp-json\/wp\/v2\/pages"}],"about":[{"href":"https:\/\/www.graswoodwide.com\/de\/wp-json\/wp\/v2\/types\/page"}],"author":[{"embeddable":true,"href":"https:\/\/www.graswoodwide.com\/de\/wp-json\/wp\/v2\/users\/22"}],"replies":[{"embeddable":true,"href":"https:\/\/www.graswoodwide.com\/de\/wp-json\/wp\/v2\/comments?post=11981"}],"version-history":[{"count":0,"href":"https:\/\/www.graswoodwide.com\/de\/wp-json\/wp\/v2\/pages\/11981\/revisions"}],"wp:attachment":[{"href":"https:\/\/www.graswoodwide.com\/de\/wp-json\/wp\/v2\/media?parent=11981"}],"curies":[{"name":"wp","href":"https:\/\/api.w.org\/{rel}","templated":true}]}}