{"id":6788,"date":"2020-06-03T10:22:26","date_gmt":"2020-06-03T10:22:26","guid":{"rendered":"https:\/\/www.graswoodwide.com\/newsletter\/"},"modified":"2021-02-26T21:06:45","modified_gmt":"2021-02-26T21:06:45","slug":"newsletter","status":"publish","type":"page","link":"https:\/\/www.graswoodwide.com\/de\/newsletter\/","title":{"rendered":"Newsletter"},"content":{"rendered":"<p><div class=\"fusion-fullwidth fullwidth-box fusion-builder-row-1 nonhundred-percent-fullwidth non-hundred-percent-height-scrolling\" style=\"--awb-border-radius-top-left:0px;--awb-border-radius-top-right:0px;--awb-border-radius-bottom-right:0px;--awb-border-radius-bottom-left:0px;--awb-flex-wrap:wrap;\" ><div class=\"fusion-builder-row fusion-row\"><div class=\"fusion-layout-column fusion_builder_column fusion-builder-column-0 fusion_builder_column_1_1 1_1 fusion-one-full fusion-column-first fusion-column-last\" style=\"--awb-bg-size:cover;--awb-margin-bottom:0px;\"><div class=\"fusion-column-wrapper fusion-flex-column-wrapper-legacy\"><div class=\"fusion-title title fusion-title-1 fusion-sep-none fusion-title-text fusion-title-size-two\" style=\"--awb-margin-top:50px;--awb-margin-bottom:50px;--awb-margin-top-small:0px;--awb-margin-right-small:0px;--awb-margin-bottom-small:20px;--awb-margin-left-small:0px;\"><h2 class=\"fusion-title-heading title-heading-left\" style=\"margin:0;\">ABONNIEREN NEWSLETTER<\/h2><\/div><div class=\"fusion-text fusion-text-1\"><p>Hier k\u00f6nnen Sie sich f\u00fcr den Gras Wood Wide Newsletter anmelden. Auf diese Weise werden Sie automatisch \u00fcber unsere Angebote und die neuesten Nachrichten informiert. Der Newsletter wird zw\u00f6lfmal j\u00e4hrlich verschickt.<\/p>\n<blockquote>\n<p><strong>Bitte beachten Sie<\/strong>, dass der Gras Wood Wide Newsletter nur f\u00fcr Unternehmer Kunden gedacht ist. Wir bearbeiten keine Bewerbungen von Einzelpersonen. Wir sind Importeur\/Gro\u00dfh\u00e4ndler.<\/p>\n<\/blockquote>\n<\/div><div class=\"fusion-sep-clear\"><\/div><div class=\"fusion-separator fusion-full-width-sep\" style=\"margin-left: auto;margin-right: auto;margin-top:10px;margin-bottom:10px;width:100%;\"><\/div><div class=\"fusion-sep-clear\"><\/div><div class=\"fusion-text fusion-text-2\"><h4><span style=\"color: #000000\">Vorherige Zustimmung (Opt-in)<\/span><\/h4>\n<p>Bevor Sie sich anmelden, beachten Sie bitte unsere <a href=\"\/wp-content\/uploads\/GWW-privacyverklaring-v1.1.pdf\" target=\"_blank\" rel=\"noopener noreferrer\"><strong>Datenschutzerkl\u00e4rung.<\/strong><\/a> Bitte lesen Sie dies, damit Sie wissen, unter welchen Bedingungen Sie die Bereitstellung und Nutzung Ihrer Daten im Rahmen unserer (m\u00f6glichen) Kundenbeziehung erteilen. Dies in \u00dcbereinstimmung mit den niederl\u00e4ndischen DSGVO-Rechtsvorschriften.<\/p>\n<\/div><div class=\"fusion-clearfix\"><\/div><\/div><\/div><\/div><\/div><div class=\"fusion-fullwidth fullwidth-box fusion-builder-row-2 nonhundred-percent-fullwidth non-hundred-percent-height-scrolling\" style=\"--awb-border-radius-top-left:0px;--awb-border-radius-top-right:0px;--awb-border-radius-bottom-right:0px;--awb-border-radius-bottom-left:0px;--awb-margin-top:40px;--awb-background-color:#f7f7f7;--awb-flex-wrap:wrap;\" ><div class=\"fusion-builder-row fusion-row\"><div class=\"fusion-layout-column fusion_builder_column fusion-builder-column-1 fusion_builder_column_1_1 1_1 fusion-one-full fusion-column-first fusion-column-last\" style=\"--awb-bg-size:cover;--awb-margin-top:40px;\"><div class=\"fusion-column-wrapper fusion-column-has-shadow fusion-flex-column-wrapper-legacy\"><div class=\"fusion-text fusion-text-3\"><h3>Abonnieren Sie den Newsletter<\/h3>\n<p><iframe src=\"https:\/\/app.hellodialog.com\/subscribe\/c20215e7441c66e42a4b6b86\" width=\"100%\" height=\"236\" frameborder=\"0\" marginwidth=\"0\" marginheight=\"0\"><\/iframe><\/p>\n<p>Nach der Registrierung erhalten Sie in K\u00fcrze eine E-Mail-Nachricht zur Best\u00e4tigung. Erst dann sind Sie in unserer E-Mail-Datei enthalten.<br \/>\nVielen Dank!<\/p>\n<\/div><div class=\"fusion-clearfix\"><\/div><\/div><\/div><\/div><\/div><\/p>\n","protected":false},"excerpt":{"rendered":"","protected":false},"author":22,"featured_media":0,"parent":0,"menu_order":1,"comment_status":"closed","ping_status":"closed","template":"100-width.php","meta":{"footnotes":""},"class_list":["post-6788","page","type-page","status-publish","hentry"],"yoast_head":"<!-- This site is optimized with the Yoast SEO plugin v27.2 - https:\/\/yoast.com\/product\/yoast-seo-wordpress\/ -->\n<title>Newsletter - Gras Wood Wide BV Zaandam - D\u00e9 houtimporteur van Nederland<\/title>\n<meta name=\"description\" content=\"Hier k\u00f6nnen Sie den Unternehmen Newsletter von Gras Wood Wide abonnieren, dem Holzimporteur der Niederlande mit seinen verschiedenen Vertriebsbereichen.\" \/>\n<meta name=\"robots\" content=\"index, follow, max-snippet:-1, max-image-preview:large, max-video-preview:-1\" \/>\n<link rel=\"canonical\" href=\"https:\/\/www.graswoodwide.com\/de\/newsletter\/\" \/>\n<meta property=\"og:locale\" content=\"de_DE\" \/>\n<meta property=\"og:type\" content=\"article\" \/>\n<meta property=\"og:title\" content=\"Newsletter - Gras Wood Wide BV Zaandam - D\u00e9 houtimporteur van Nederland\" \/>\n<meta property=\"og:description\" content=\"Hier k\u00f6nnen Sie den Unternehmen Newsletter von Gras Wood Wide abonnieren, dem Holzimporteur der Niederlande mit seinen verschiedenen Vertriebsbereichen.\" \/>\n<meta property=\"og:url\" content=\"https:\/\/www.graswoodwide.com\/de\/newsletter\/\" \/>\n<meta property=\"og:site_name\" content=\"Gras Wood Wide BV Zaandam - D\u00e9 houtimporteur van Nederland\" \/>\n<meta property=\"article:publisher\" content=\"https:\/\/www.facebook.com\/GrasWoodWide\/\" \/>\n<meta property=\"article:modified_time\" content=\"2021-02-26T21:06:45+00:00\" \/>\n<meta name=\"twitter:label1\" content=\"Gesch\u00e4tzte Lesezeit\" \/>\n\t<meta name=\"twitter:data1\" content=\"5\u00a0Minuten\" \/>\n<script type=\"application\/ld+json\" class=\"yoast-schema-graph\">{\"@context\":\"https:\/\/schema.org\",\"@graph\":[{\"@type\":\"WebPage\",\"@id\":\"https:\/\/www.graswoodwide.com\/de\/newsletter\/\",\"url\":\"https:\/\/www.graswoodwide.com\/de\/newsletter\/\",\"name\":\"Newsletter - Gras Wood Wide BV Zaandam - D\u00e9 houtimporteur van Nederland\",\"isPartOf\":{\"@id\":\"https:\/\/www.graswoodwide.com\/de\/#website\"},\"datePublished\":\"2020-06-03T10:22:26+00:00\",\"dateModified\":\"2021-02-26T21:06:45+00:00\",\"description\":\"Hier k\u00f6nnen Sie den Unternehmen Newsletter von Gras Wood Wide abonnieren, dem Holzimporteur der Niederlande mit seinen verschiedenen Vertriebsbereichen.\",\"breadcrumb\":{\"@id\":\"https:\/\/www.graswoodwide.com\/de\/newsletter\/#breadcrumb\"},\"inLanguage\":\"de\",\"potentialAction\":[{\"@type\":\"ReadAction\",\"target\":[\"https:\/\/www.graswoodwide.com\/de\/newsletter\/\"]}]},{\"@type\":\"BreadcrumbList\",\"@id\":\"https:\/\/www.graswoodwide.com\/de\/newsletter\/#breadcrumb\",\"itemListElement\":[{\"@type\":\"ListItem\",\"position\":1,\"name\":\"Home\",\"item\":\"https:\/\/www.graswoodwide.com\/de\/\"},{\"@type\":\"ListItem\",\"position\":2,\"name\":\"Newsletter\"}]},{\"@type\":\"WebSite\",\"@id\":\"https:\/\/www.graswoodwide.com\/de\/#website\",\"url\":\"https:\/\/www.graswoodwide.com\/de\/\",\"name\":\"Gras Wood Wide BV Zaandam - D\u00e9 houtimporteur van Nederland\",\"description\":\"D\u00e9 houtimporteurs van Nederland!\",\"publisher\":{\"@id\":\"https:\/\/www.graswoodwide.com\/de\/#organization\"},\"potentialAction\":[{\"@type\":\"SearchAction\",\"target\":{\"@type\":\"EntryPoint\",\"urlTemplate\":\"https:\/\/www.graswoodwide.com\/de\/?s={search_term_string}\"},\"query-input\":{\"@type\":\"PropertyValueSpecification\",\"valueRequired\":true,\"valueName\":\"search_term_string\"}}],\"inLanguage\":\"de\"},{\"@type\":\"Organization\",\"@id\":\"https:\/\/www.graswoodwide.com\/de\/#organization\",\"name\":\"Gras Wood Wide BV; d\u00e9 houtimporteurs in Nederland\",\"url\":\"https:\/\/www.graswoodwide.com\/de\/\",\"logo\":{\"@type\":\"ImageObject\",\"inLanguage\":\"de\",\"@id\":\"https:\/\/www.graswoodwide.com\/de\/#\/schema\/logo\/image\/\",\"url\":\"https:\/\/www.graswoodwide.com\/wp-content\/uploads\/Woodwide-logo1-trans.png\",\"contentUrl\":\"https:\/\/www.graswoodwide.com\/wp-content\/uploads\/Woodwide-logo1-trans.png\",\"width\":421,\"height\":224,\"caption\":\"Gras Wood Wide BV; d\u00e9 houtimporteurs in Nederland\"},\"image\":{\"@id\":\"https:\/\/www.graswoodwide.com\/de\/#\/schema\/logo\/image\/\"},\"sameAs\":[\"https:\/\/www.facebook.com\/GrasWoodWide\/\",\"https:\/\/x.com\/GrasWoodWide\",\"https:\/\/www.instagram.com\/graswoodwide\/\",\"https:\/\/www.linkedin.com\/company\/graswoodwide\/\"]}]}<\/script>\n<!-- \/ Yoast SEO plugin. -->","yoast_head_json":{"title":"Newsletter - Gras Wood Wide BV Zaandam - D\u00e9 houtimporteur van Nederland","description":"Hier k\u00f6nnen Sie den Unternehmen Newsletter von Gras Wood Wide abonnieren, dem Holzimporteur der Niederlande mit seinen verschiedenen Vertriebsbereichen.","robots":{"index":"index","follow":"follow","max-snippet":"max-snippet:-1","max-image-preview":"max-image-preview:large","max-video-preview":"max-video-preview:-1"},"canonical":"https:\/\/www.graswoodwide.com\/de\/newsletter\/","og_locale":"de_DE","og_type":"article","og_title":"Newsletter - Gras Wood Wide BV Zaandam - D\u00e9 houtimporteur van Nederland","og_description":"Hier k\u00f6nnen Sie den Unternehmen Newsletter von Gras Wood Wide abonnieren, dem Holzimporteur der Niederlande mit seinen verschiedenen Vertriebsbereichen.","og_url":"https:\/\/www.graswoodwide.com\/de\/newsletter\/","og_site_name":"Gras Wood Wide BV Zaandam - D\u00e9 houtimporteur van Nederland","article_publisher":"https:\/\/www.facebook.com\/GrasWoodWide\/","article_modified_time":"2021-02-26T21:06:45+00:00","twitter_misc":{"Gesch\u00e4tzte Lesezeit":"5\u00a0Minuten"},"schema":{"@context":"https:\/\/schema.org","@graph":[{"@type":"WebPage","@id":"https:\/\/www.graswoodwide.com\/de\/newsletter\/","url":"https:\/\/www.graswoodwide.com\/de\/newsletter\/","name":"Newsletter - Gras Wood Wide BV Zaandam - D\u00e9 houtimporteur van Nederland","isPartOf":{"@id":"https:\/\/www.graswoodwide.com\/de\/#website"},"datePublished":"2020-06-03T10:22:26+00:00","dateModified":"2021-02-26T21:06:45+00:00","description":"Hier k\u00f6nnen Sie den Unternehmen Newsletter von Gras Wood Wide abonnieren, dem Holzimporteur der Niederlande mit seinen verschiedenen Vertriebsbereichen.","breadcrumb":{"@id":"https:\/\/www.graswoodwide.com\/de\/newsletter\/#breadcrumb"},"inLanguage":"de","potentialAction":[{"@type":"ReadAction","target":["https:\/\/www.graswoodwide.com\/de\/newsletter\/"]}]},{"@type":"BreadcrumbList","@id":"https:\/\/www.graswoodwide.com\/de\/newsletter\/#breadcrumb","itemListElement":[{"@type":"ListItem","position":1,"name":"Home","item":"https:\/\/www.graswoodwide.com\/de\/"},{"@type":"ListItem","position":2,"name":"Newsletter"}]},{"@type":"WebSite","@id":"https:\/\/www.graswoodwide.com\/de\/#website","url":"https:\/\/www.graswoodwide.com\/de\/","name":"Gras Wood Wide BV Zaandam - D\u00e9 houtimporteur van Nederland","description":"D\u00e9 houtimporteurs van Nederland!","publisher":{"@id":"https:\/\/www.graswoodwide.com\/de\/#organization"},"potentialAction":[{"@type":"SearchAction","target":{"@type":"EntryPoint","urlTemplate":"https:\/\/www.graswoodwide.com\/de\/?s={search_term_string}"},"query-input":{"@type":"PropertyValueSpecification","valueRequired":true,"valueName":"search_term_string"}}],"inLanguage":"de"},{"@type":"Organization","@id":"https:\/\/www.graswoodwide.com\/de\/#organization","name":"Gras Wood Wide BV; d\u00e9 houtimporteurs in Nederland","url":"https:\/\/www.graswoodwide.com\/de\/","logo":{"@type":"ImageObject","inLanguage":"de","@id":"https:\/\/www.graswoodwide.com\/de\/#\/schema\/logo\/image\/","url":"https:\/\/www.graswoodwide.com\/wp-content\/uploads\/Woodwide-logo1-trans.png","contentUrl":"https:\/\/www.graswoodwide.com\/wp-content\/uploads\/Woodwide-logo1-trans.png","width":421,"height":224,"caption":"Gras Wood Wide BV; d\u00e9 houtimporteurs in Nederland"},"image":{"@id":"https:\/\/www.graswoodwide.com\/de\/#\/schema\/logo\/image\/"},"sameAs":["https:\/\/www.facebook.com\/GrasWoodWide\/","https:\/\/x.com\/GrasWoodWide","https:\/\/www.instagram.com\/graswoodwide\/","https:\/\/www.linkedin.com\/company\/graswoodwide\/"]}]}},"_links":{"self":[{"href":"https:\/\/www.graswoodwide.com\/de\/wp-json\/wp\/v2\/pages\/6788","targetHints":{"allow":["GET"]}}],"collection":[{"href":"https:\/\/www.graswoodwide.com\/de\/wp-json\/wp\/v2\/pages"}],"about":[{"href":"https:\/\/www.graswoodwide.com\/de\/wp-json\/wp\/v2\/types\/page"}],"author":[{"embeddable":true,"href":"https:\/\/www.graswoodwide.com\/de\/wp-json\/wp\/v2\/users\/22"}],"replies":[{"embeddable":true,"href":"https:\/\/www.graswoodwide.com\/de\/wp-json\/wp\/v2\/comments?post=6788"}],"version-history":[{"count":0,"href":"https:\/\/www.graswoodwide.com\/de\/wp-json\/wp\/v2\/pages\/6788\/revisions"}],"wp:attachment":[{"href":"https:\/\/www.graswoodwide.com\/de\/wp-json\/wp\/v2\/media?parent=6788"}],"curies":[{"name":"wp","href":"https:\/\/api.w.org\/{rel}","templated":true}]}}