{"id":7535,"date":"2020-06-05T12:24:12","date_gmt":"2020-06-05T12:24:12","guid":{"rendered":"https:\/\/www.graswoodwide.com\/?page_id=7535"},"modified":"2021-09-29T13:18:58","modified_gmt":"2021-09-29T13:18:58","slug":"kontaktiere-uns","status":"publish","type":"page","link":"https:\/\/www.graswoodwide.com\/de\/kontaktiere-uns\/","title":{"rendered":"Kontakt"},"content":{"rendered":"<p><div class=\"fusion-fullwidth fullwidth-box fusion-builder-row-1 fusion-parallax-none nonhundred-percent-fullwidth non-hundred-percent-height-scrolling lazyload\" style=\"--awb-background-position:right center;--awb-border-sizes-top:0px;--awb-border-sizes-bottom:0px;--awb-border-sizes-left:0px;--awb-border-sizes-right:0px;--awb-border-color:transparent;--awb-border-radius-top-left:0px;--awb-border-radius-top-right:0px;--awb-border-radius-bottom-right:0px;--awb-border-radius-bottom-left:0px;--awb-padding-top:60px;--awb-padding-bottom:40px;--awb-background-size:cover;--awb-flex-wrap:wrap;\" data-bg=\"https:\/\/www.graswoodwide.com\/wp-content\/uploads\/GWW-Banner-1950x400_01.jpg\" ><div class=\"fusion-builder-row fusion-row\"><div class=\"fusion-layout-column fusion_builder_column fusion-builder-column-0 fusion_builder_column_1_1 1_1 fusion-one-full fusion-column-first fusion-column-last fusion-column-no-min-height\" style=\"--awb-bg-size:cover;--awb-margin-bottom:0px;\"><div class=\"fusion-column-wrapper fusion-column-has-shadow fusion-flex-column-wrapper-legacy\"><div class=\"fusion-text fusion-text-1\"><h1><span style=\"color: #ffffff;\"><em>Fragen oder Anmerkungen?<br \/>\nKontaktieren Sie uns!<\/em><\/span><\/h1>\n<\/div><div class=\"fusion-clearfix\"><\/div><\/div><\/div><\/div><\/div><div class=\"fusion-fullwidth fullwidth-box fusion-builder-row-2 nonhundred-percent-fullwidth non-hundred-percent-height-scrolling\" style=\"--awb-border-radius-top-left:0px;--awb-border-radius-top-right:0px;--awb-border-radius-bottom-right:0px;--awb-border-radius-bottom-left:0px;--awb-margin-top:30px;--awb-margin-bottom:30px;--awb-flex-wrap:wrap;\" ><div class=\"fusion-builder-row fusion-row\"><div class=\"fusion-layout-column fusion_builder_column fusion-builder-column-1 fusion_builder_column_1_2 1_2 fusion-one-half fusion-column-first\" style=\"--awb-bg-size:cover;width:50%;width:calc(50% - ( ( 4% ) * 0.5 ) );margin-right: 4%;\"><div class=\"fusion-column-wrapper fusion-column-has-shadow fusion-flex-column-wrapper-legacy\"><div class=\"fusion-sep-clear\"><\/div><div class=\"fusion-separator fusion-full-width-sep fusion-clearfix\" style=\"float:left;margin-top:18px;width:100%;\"><\/div><div class=\"fusion-sep-clear\"><\/div><div class=\"fusion-text fusion-text-2\"><h3><span style=\"color: #000000;\">Bitte beachten Sie, dass wir keine Bewerbungen von Einzelpersonen bearbeiten.<\/span><\/h3>\n<p>Im folgenden Formular k\u00f6nnen Sie angeben, welche Vertriebsabteilung Sie kontaktieren m\u00f6chten.<br \/>\nNach Erhalt Ihrer Nachricht werden wir uns so schnell wie m\u00f6glich mit Ihnen in Verbindung setzen.<\/p>\n<\/div><div class=\"fusion-clearfix\"><\/div><\/div><\/div><\/div><\/div><div class=\"fusion-fullwidth fullwidth-box fusion-builder-row-3 nonhundred-percent-fullwidth non-hundred-percent-height-scrolling\" style=\"--awb-background-position:left bottom;--awb-border-sizes-top:0px;--awb-border-sizes-bottom:0px;--awb-border-sizes-left:0px;--awb-border-sizes-right:0px;--awb-border-radius-top-left:0px;--awb-border-radius-top-right:0px;--awb-border-radius-bottom-right:0px;--awb-border-radius-bottom-left:0px;--awb-padding-top:80px;--awb-padding-bottom:50px;--awb-background-color:#ebe9e5;--awb-flex-wrap:wrap;\" ><div class=\"fusion-builder-row fusion-row\"><div class=\"fusion-layout-column fusion_builder_column fusion-builder-column-2 fusion_builder_column_1_2 1_2 fusion-one-half fusion-column-first\" style=\"--awb-bg-size:cover;width:50%;width:calc(50% - ( ( 4% ) * 0.5 ) );margin-right: 4%;\"><div class=\"fusion-column-wrapper fusion-column-has-shadow fusion-flex-column-wrapper-legacy\">\n<div class=\"wpcf7 no-js\" id=\"wpcf7-f6808-o1\" lang=\"de-DE\" dir=\"ltr\" data-wpcf7-id=\"6808\">\n<div class=\"screen-reader-response\"><p role=\"status\" aria-live=\"polite\" aria-atomic=\"true\"><\/p> <ul><\/ul><\/div>\n<form action=\"\/de\/wp-json\/wp\/v2\/pages\/7535#wpcf7-f6808-o1\" method=\"post\" class=\"wpcf7-form init\" aria-label=\"Kontaktformular\" novalidate=\"novalidate\" data-status=\"init\">\n<fieldset class=\"hidden-fields-container\"><input type=\"hidden\" name=\"_wpcf7\" value=\"6808\" \/><input type=\"hidden\" name=\"_wpcf7_version\" value=\"6.1.5\" \/><input type=\"hidden\" name=\"_wpcf7_locale\" value=\"de_DE\" \/><input type=\"hidden\" name=\"_wpcf7_unit_tag\" value=\"wpcf7-f6808-o1\" \/><input type=\"hidden\" name=\"_wpcf7_container_post\" value=\"0\" \/><input type=\"hidden\" name=\"_wpcf7_posted_data_hash\" value=\"\" \/><input type=\"hidden\" name=\"_wpcf7_recaptcha_response\" value=\"\" \/>\n<\/fieldset>\n<font style=\"color:#000\">Kontakt mit (*):\n<\/font>\n<p><span class=\"wpcf7-form-control-wrap\" data-name=\"choice_company\"><select class=\"wpcf7-form-control wpcf7-select wpcf7-validates-as-required\" aria-required=\"true\" aria-invalid=\"false\" name=\"choice_company\"><option value=\"\">&#8211; Bitte ausw\u00e4hlen &#8211;<\/option><option value=\"Gras Wood Wide\">Gras Wood Wide<\/option><option value=\"Noord Europese Houtimport\">Noord Europese Houtimport<\/option><\/select><\/span>\n<\/p>\n<p><span style=\"color:#000\">Firmenname (*):<\/span><br \/>\n<span class=\"wpcf7-form-control-wrap\" data-name=\"your-company\"><input size=\"40\" maxlength=\"400\" class=\"wpcf7-form-control wpcf7-text wpcf7-validates-as-required\" aria-required=\"true\" aria-invalid=\"false\" value=\"\" type=\"text\" name=\"your-company\" \/><\/span>\n<\/p>\n<div style=\"color:#000\">\n\t<p>Industrie (*):\n\t<\/p>\n<\/div>\n<p><span class=\"wpcf7-form-control-wrap\" data-name=\"your-branche\"><select class=\"wpcf7-form-control wpcf7-select wpcf7-validates-as-required\" aria-required=\"true\" aria-invalid=\"false\" name=\"your-branche\"><option value=\"\">&#8211; Bitte ausw\u00e4hlen &#8211;<\/option><option value=\"Bauunternehmen\">Bauunternehmen<\/option><option value=\"Schreinereien (allgemein)\">Schreinereien (allgemein)<\/option><option value=\"Schreinereien (Fassaden)\">Schreinereien (Fassaden)<\/option><option value=\"Architekturb\u00fcros\">Architekturb\u00fcros<\/option><option value=\"Grund- Stra\u00dfen- und Wasserbau\">Grund- Stra\u00dfen- und Wasserbau<\/option><option value=\"Holzhandel\">Holzhandel<\/option><\/select><\/span>\n<\/p>\n<div style=\"color:#000\">\n\t<p>Gru\u00dfworte (*):\n\t<\/p>\n<\/div>\n<p><span class=\"wpcf7-form-control-wrap\" data-name=\"your-aanhef\"><select class=\"wpcf7-form-control wpcf7-select wpcf7-validates-as-required\" aria-required=\"true\" aria-invalid=\"false\" name=\"your-aanhef\"><option value=\"\">&#8211; Bitte ausw\u00e4hlen &#8211;<\/option><option value=\"Herr\">Herr<\/option><option value=\"Frau\">Frau<\/option><\/select><\/span>\n<\/p>\n<div style=\"color:#000\">\n\t<p>Name (*):\n\t<\/p>\n<\/div>\n<p><span class=\"wpcf7-form-control-wrap\" data-name=\"your-name\"><input size=\"40\" maxlength=\"30\" class=\"wpcf7-form-control wpcf7-text wpcf7-validates-as-required\" aria-required=\"true\" aria-invalid=\"false\" value=\"\" type=\"text\" name=\"your-name\" \/><\/span>\n<\/p>\n<div style=\"color:#000\">\n\t<p>E-Mail-Adresse (*):\n\t<\/p>\n<\/div>\n<p><span class=\"wpcf7-form-control-wrap\" data-name=\"your-email\"><input size=\"40\" maxlength=\"50\" minlength=\"8\" class=\"wpcf7-form-control wpcf7-email wpcf7-validates-as-required wpcf7-text wpcf7-validates-as-email\" aria-required=\"true\" aria-invalid=\"false\" value=\"\" type=\"email\" name=\"your-email\" \/><\/span>\n<\/p>\n<div style=\"color:#000\">\n\t<p>Thema (*):\n\t<\/p>\n<\/div>\n<p><span class=\"wpcf7-form-control-wrap\" data-name=\"your-message\"><textarea cols=\"40\" rows=\"10\" maxlength=\"2000\" class=\"wpcf7-form-control wpcf7-textarea wpcf7-validates-as-required\" aria-required=\"true\" aria-invalid=\"false\" name=\"your-message\"><\/textarea><\/span>\n<\/p>\n<p><span class=\"wpcf7-form-control-wrap\" data-name=\"acceptatie-privacy\"><span class=\"wpcf7-form-control wpcf7-acceptance\"><span class=\"wpcf7-list-item\"><input type=\"checkbox\" name=\"acceptatie-privacy\" value=\"1\" aria-invalid=\"false\" \/><\/span><\/span><\/span>\n\t<font style=\"color:#000\">(*) Ja, ich habe Ihre <a style='color:#000' target='_blank' href='\/wp-content\/uploads\/GWW-privacyverklaring-v1.1.pdf'> <strong><u>Datenschutzerkl\u00e4rung<\/u><\/strong><\/a> gelesen und stimmen Sie den Bedingungen zu.\n\n<strong>Bitte beachten Sie:<\/strong> Der Versand ist nur nach Vereinbarung m\u00f6glich (h\u00e4kchen).\n\t<\/font>\n<\/p>\n<p><input class=\"wpcf7-form-control wpcf7-submit has-spinner\" type=\"submit\" value=\"Verzenden\" \/>\n<\/p><div class=\"fusion-alert alert custom alert-custom fusion-alert-center wpcf7-response-output fusion-alert-capitalize awb-alert-native-link-color alert-dismissable awb-alert-close-boxed\" style=\"--awb-border-top-left-radius:0px;--awb-border-top-right-radius:0px;--awb-border-bottom-left-radius:0px;--awb-border-bottom-right-radius:0px;\" role=\"alert\"><div class=\"fusion-alert-content-wrapper\"><span class=\"fusion-alert-content\"><\/span><\/div><button type=\"button\" class=\"close toggle-alert\" data-dismiss=\"alert\" aria-label=\"Close\">&times;<\/button><\/div>\n<\/form>\n<\/div>\n<div class=\"fusion-clearfix\"><\/div><\/div><\/div><div class=\"fusion-layout-column fusion_builder_column fusion-builder-column-3 fusion_builder_column_1_2 1_2 fusion-one-half fusion-column-last\" style=\"--awb-bg-size:cover;width:50%;width:calc(50% - ( ( 4% ) * 0.5 ) );\"><div class=\"fusion-column-wrapper fusion-column-has-shadow fusion-flex-column-wrapper-legacy\"><div class=\"fusion-sep-clear\"><\/div><div class=\"fusion-separator fusion-full-width-sep\" style=\"margin-left: auto;margin-right: auto;margin-top:18px;width:100%;\"><\/div><div class=\"fusion-sep-clear\"><\/div><div class=\"fusion-text fusion-text-3\"><p><strong>Adresse<\/strong><br \/>\nSymon Spiersweg 10, 1506 RZ Zaandam<\/p>\n<p><strong>Postanschrift<\/strong><br \/>\nPostfach 1110, 1500 AC Zaandam<\/p>\n<p>Telefon 075 &#8211; 616 37 92<br \/>\n<a href=\"mailto:info@graswoodwide.com\"><u>info@graswoodwide.com<\/u><\/a><\/p>\n<p>Handelskammer Amsterdam 350.155.22<br \/>\nUmsatzsteuer-ID NL.005.419.748.B01<\/p>\n<p><strong>\u00d6ffnungszeiten<\/strong><br \/>\nMontag bis Freitag von 8.00 bis 17.00 Uhr<\/p>\n<p><strong>Partner von: <\/strong><\/p>\n<p><a href=\"https:\/\/architectenweb.nl\/bedrijven\/bedrijf.aspx?ID=15899\" target=\"_blank\" rel=\"noopener noreferrer\"><img decoding=\"async\" class=\"lazyload alignleft wp-image-2148 size-full\" src=\"data:image\/svg+xml,%3Csvg%20xmlns%3D%27http%3A%2F%2Fwww.w3.org%2F2000%2Fsvg%27%20width%3D%27100%27%20height%3D%2710%27%20viewBox%3D%270%200%20100%2010%27%3E%3Crect%20width%3D%27100%27%20height%3D%2710%27%20fill-opacity%3D%220%22%2F%3E%3C%2Fsvg%3E\" data-orig-src=\"https:\/\/www.graswoodwide.com\/wp-content\/uploads\/logo-architectenweb.png\" alt=\"Besuchen Sie die Website...\" width=\"100\" height=\"10\" \/><\/a><\/p>\n<\/div><div class=\"fusion-clearfix\"><\/div><\/div><\/div><\/div><\/div><div class=\"fusion-fullwidth fullwidth-box fusion-builder-row-4 hundred-percent-fullwidth non-hundred-percent-height-scrolling\" style=\"--awb-border-radius-top-left:0px;--awb-border-radius-top-right:0px;--awb-border-radius-bottom-right:0px;--awb-border-radius-bottom-left:0px;--awb-padding-right:0px;--awb-padding-left:0px;--awb-margin-top:20px;--awb-flex-wrap:wrap;\" ><div class=\"fusion-builder-row fusion-row\"><div class=\"fusion-layout-column fusion_builder_column fusion-builder-column-4 fusion_builder_column_1_1 1_1 fusion-one-full fusion-column-first fusion-column-last\" style=\"--awb-bg-size:cover;\"><div class=\"fusion-column-wrapper fusion-column-has-shadow fusion-flex-column-wrapper-legacy\">\t\t\t\t\t<script type=\"text\/javascript\">\n\t\t\t\t\t\tvar map_fusion_map_69d3bdb781bc9;\n\t\t\t\t\t\tvar markers = [];\n\t\t\t\t\t\tvar counter = 0;\n\t\t\t\t\t\t\t\t\t\t\t\t\t\t\t\t\t\t\t\tvar fusionMapNonce = 'c499438955';\n\t\t\t\t\t\t\t\t\t\t\t\tfunction fusion_run_map_fusion_map_69d3bdb781bc9() {\n\t\t\t\t\t\t\tjQuery ('#fusion_map_69d3bdb781bc9' ).fusion_maps( {\n\t\t\t\t\t\t\t\taddresses: [{\"address\":\"52.426408, 4.821787\",\"infobox_content\":\"Hauptsitz Gras Wood Wide BV\",\"marker\":\"https:\\\/\\\/www.graswoodwide.com\\\/wp-content\\\/uploads\\\/map-marker-green-e1565643410696.png\",\"coordinates\":false,\"cache\":true,\"latitude\":\"52.42627299999999\",\"longitude\":\"4.821776900000032\"}],\n\t\t\t\t\t\t\t\tanimations: true,\n\t\t\t\t\t\t\t\tinfobox_background_color: '',\n\t\t\t\t\t\t\t\tinfobox_styling: 'default',\n\t\t\t\t\t\t\t\tinfobox_text_color: '',\n\t\t\t\t\t\t\t\tmap_style: 'custom',\n\t\t\t\t\t\t\t\tmap_type: 'roadmap',\n\t\t\t\t\t\t\t\tmarker_icon: 'https:\/\/www.graswoodwide.com\/wp-content\/uploads\/map-marker-green-e1565643410696.png',\n\t\t\t\t\t\t\t\toverlay_color: '',\n\t\t\t\t\t\t\t\toverlay_color_hsl: {\"hue\":0,\"sat\":0,\"lum\":100},\n\t\t\t\t\t\t\t\tshow_address: true,\n\t\t\t\t\t\t\t\tscale_control: true,\n\t\t\t\t\t\t\t\tscrollwheel: false,\n\t\t\t\t\t\t\t\tzoom: 12,\n\t\t\t\t\t\t\t\tzoom_control: true,\n\t\t\t\t\t\t\t} );\n\t\t\t\t\t\t}\n\n\t\t\t\t\t\tgoogle.maps.event.addDomListener(window, 'load', fusion_run_map_fusion_map_69d3bdb781bc9);\n\t\t\t\t\t<\/script>\n\t\t\t\t\t<div class=\"shortcode-map fusion-google-map fusion-maps-js-type\" style=\"--awb-height:350px;\" id=\"fusion_map_69d3bdb781bc9\"><\/div><div class=\"fusion-clearfix\"><\/div><\/div><\/div><\/div><\/div><div class=\"fusion-fullwidth fullwidth-box fusion-builder-row-5 hundred-percent-fullwidth non-hundred-percent-height-scrolling fusion-equal-height-columns fusion-no-small-visibility\" style=\"--awb-background-position:left top;--awb-border-radius-top-left:0px;--awb-border-radius-top-right:0px;--awb-border-radius-bottom-right:0px;--awb-border-radius-bottom-left:0px;--awb-padding-right:0px;--awb-padding-left:0px;--awb-flex-wrap:wrap;\" ><div class=\"fusion-builder-row fusion-row\"><div class=\"fusion-layout-column fusion_builder_column fusion-builder-column-5 fusion_builder_column_1_1 1_1 fusion-one-full fusion-column-first fusion-column-last\" style=\"--awb-bg-size:cover;\"><div class=\"fusion-column-wrapper lazyload fusion-column-has-shadow fusion-flex-column-wrapper-legacy fusion-empty-column-bg-image fusion-column-has-bg-image\" data-bg-url=\"https:\/\/www.graswoodwide.com\/wp-content\/uploads\/contactpagina-1.jpg\" data-bg=\"https:\/\/www.graswoodwide.com\/wp-content\/uploads\/contactpagina-1.jpg\"><img decoding=\"async\" class=\"fusion-empty-dims-img-placeholder fusion-no-large-visibility\" aria-label=\"Kontaktseite\" src=\"data:image\/svg+xml,%3Csvg%20xmlns%3D%27http%3A%2F%2Fwww.w3.org%2F2000%2Fsvg%27%20width%3D%271920%27%20height%3D%27367%27%20viewBox%3D%270%200%201920%20367%27%3E%3Crect%20width%3D%271920%27%20height%3D%27367%27%20fill-opacity%3D%220%22%2F%3E%3C%2Fsvg%3E\"><div class=\"fusion-clearfix\"><\/div><\/div><\/div><\/div><\/div>\n<\/p>\n","protected":false},"excerpt":{"rendered":"","protected":false},"author":22,"featured_media":0,"parent":0,"menu_order":3,"comment_status":"closed","ping_status":"closed","template":"100-width.php","meta":{"footnotes":""},"class_list":["post-7535","page","type-page","status-publish","hentry"],"yoast_head":"<!-- This site is optimized with the Yoast SEO plugin v27.2 - https:\/\/yoast.com\/product\/yoast-seo-wordpress\/ -->\n<title>Kontakt - Gras Wood Wide BV Zaandam - D\u00e9 houtimporteur van Nederland<\/title>\n<meta name=\"description\" content=\"M\u00f6chten Sie mehr wissen? Bitte geben Sie an, an welche Vertriebsabteilung Sie sich wenden m\u00f6chten. Selbstverst\u00e4ndlich k\u00f6nnen Sie uns auch w\u00e4hrend unserer \u00d6ffnungszeiten telefonisch kontaktieren.\" \/>\n<meta name=\"robots\" content=\"index, follow, max-snippet:-1, max-image-preview:large, max-video-preview:-1\" \/>\n<link rel=\"canonical\" href=\"https:\/\/www.graswoodwide.com\/de\/kontaktiere-uns\/\" \/>\n<meta property=\"og:locale\" content=\"de_DE\" \/>\n<meta property=\"og:type\" content=\"article\" \/>\n<meta property=\"og:title\" content=\"Kontakt - Gras Wood Wide BV Zaandam - D\u00e9 houtimporteur van Nederland\" \/>\n<meta property=\"og:description\" content=\"M\u00f6chten Sie mehr wissen? Bitte geben Sie an, an welche Vertriebsabteilung Sie sich wenden m\u00f6chten. Selbstverst\u00e4ndlich k\u00f6nnen Sie uns auch w\u00e4hrend unserer \u00d6ffnungszeiten telefonisch kontaktieren.\" \/>\n<meta property=\"og:url\" content=\"https:\/\/www.graswoodwide.com\/de\/kontaktiere-uns\/\" \/>\n<meta property=\"og:site_name\" content=\"Gras Wood Wide BV Zaandam - D\u00e9 houtimporteur van Nederland\" \/>\n<meta property=\"article:publisher\" content=\"https:\/\/www.facebook.com\/GrasWoodWide\/\" \/>\n<meta property=\"article:modified_time\" content=\"2021-09-29T13:18:58+00:00\" \/>\n<meta property=\"og:image\" content=\"https:\/\/www.graswoodwide.com\/wp-content\/uploads\/logo-architectenweb.png\" \/>\n<meta name=\"twitter:label1\" content=\"Gesch\u00e4tzte Lesezeit\" \/>\n\t<meta name=\"twitter:data1\" content=\"9\u00a0Minuten\" \/>\n<script type=\"application\/ld+json\" class=\"yoast-schema-graph\">{\"@context\":\"https:\/\/schema.org\",\"@graph\":[{\"@type\":\"WebPage\",\"@id\":\"https:\/\/www.graswoodwide.com\/de\/kontaktiere-uns\/\",\"url\":\"https:\/\/www.graswoodwide.com\/de\/kontaktiere-uns\/\",\"name\":\"Kontakt - Gras Wood Wide BV Zaandam - D\u00e9 houtimporteur van Nederland\",\"isPartOf\":{\"@id\":\"https:\/\/www.graswoodwide.com\/de\/#website\"},\"primaryImageOfPage\":{\"@id\":\"https:\/\/www.graswoodwide.com\/de\/kontaktiere-uns\/#primaryimage\"},\"image\":{\"@id\":\"https:\/\/www.graswoodwide.com\/de\/kontaktiere-uns\/#primaryimage\"},\"thumbnailUrl\":\"https:\/\/www.graswoodwide.com\/wp-content\/uploads\/logo-architectenweb.png\",\"datePublished\":\"2020-06-05T12:24:12+00:00\",\"dateModified\":\"2021-09-29T13:18:58+00:00\",\"description\":\"M\u00f6chten Sie mehr wissen? Bitte geben Sie an, an welche Vertriebsabteilung Sie sich wenden m\u00f6chten. Selbstverst\u00e4ndlich k\u00f6nnen Sie uns auch w\u00e4hrend unserer \u00d6ffnungszeiten telefonisch kontaktieren.\",\"breadcrumb\":{\"@id\":\"https:\/\/www.graswoodwide.com\/de\/kontaktiere-uns\/#breadcrumb\"},\"inLanguage\":\"de\",\"potentialAction\":[{\"@type\":\"ReadAction\",\"target\":[\"https:\/\/www.graswoodwide.com\/de\/kontaktiere-uns\/\"]}]},{\"@type\":\"ImageObject\",\"inLanguage\":\"de\",\"@id\":\"https:\/\/www.graswoodwide.com\/de\/kontaktiere-uns\/#primaryimage\",\"url\":\"https:\/\/www.graswoodwide.com\/wp-content\/uploads\/logo-architectenweb.png\",\"contentUrl\":\"https:\/\/www.graswoodwide.com\/wp-content\/uploads\/logo-architectenweb.png\"},{\"@type\":\"BreadcrumbList\",\"@id\":\"https:\/\/www.graswoodwide.com\/de\/kontaktiere-uns\/#breadcrumb\",\"itemListElement\":[{\"@type\":\"ListItem\",\"position\":1,\"name\":\"Home\",\"item\":\"https:\/\/www.graswoodwide.com\/de\/\"},{\"@type\":\"ListItem\",\"position\":2,\"name\":\"Kontakt\"}]},{\"@type\":\"WebSite\",\"@id\":\"https:\/\/www.graswoodwide.com\/de\/#website\",\"url\":\"https:\/\/www.graswoodwide.com\/de\/\",\"name\":\"Gras Wood Wide BV Zaandam - D\u00e9 houtimporteur van Nederland\",\"description\":\"D\u00e9 houtimporteurs van Nederland!\",\"publisher\":{\"@id\":\"https:\/\/www.graswoodwide.com\/de\/#organization\"},\"potentialAction\":[{\"@type\":\"SearchAction\",\"target\":{\"@type\":\"EntryPoint\",\"urlTemplate\":\"https:\/\/www.graswoodwide.com\/de\/?s={search_term_string}\"},\"query-input\":{\"@type\":\"PropertyValueSpecification\",\"valueRequired\":true,\"valueName\":\"search_term_string\"}}],\"inLanguage\":\"de\"},{\"@type\":\"Organization\",\"@id\":\"https:\/\/www.graswoodwide.com\/de\/#organization\",\"name\":\"Gras Wood Wide BV; d\u00e9 houtimporteurs in Nederland\",\"url\":\"https:\/\/www.graswoodwide.com\/de\/\",\"logo\":{\"@type\":\"ImageObject\",\"inLanguage\":\"de\",\"@id\":\"https:\/\/www.graswoodwide.com\/de\/#\/schema\/logo\/image\/\",\"url\":\"https:\/\/www.graswoodwide.com\/wp-content\/uploads\/Woodwide-logo1-trans.png\",\"contentUrl\":\"https:\/\/www.graswoodwide.com\/wp-content\/uploads\/Woodwide-logo1-trans.png\",\"width\":421,\"height\":224,\"caption\":\"Gras Wood Wide BV; d\u00e9 houtimporteurs in Nederland\"},\"image\":{\"@id\":\"https:\/\/www.graswoodwide.com\/de\/#\/schema\/logo\/image\/\"},\"sameAs\":[\"https:\/\/www.facebook.com\/GrasWoodWide\/\",\"https:\/\/x.com\/GrasWoodWide\",\"https:\/\/www.instagram.com\/graswoodwide\/\",\"https:\/\/www.linkedin.com\/company\/graswoodwide\/\"]}]}<\/script>\n<!-- \/ Yoast SEO plugin. -->","yoast_head_json":{"title":"Kontakt - Gras Wood Wide BV Zaandam - D\u00e9 houtimporteur van Nederland","description":"M\u00f6chten Sie mehr wissen? Bitte geben Sie an, an welche Vertriebsabteilung Sie sich wenden m\u00f6chten. Selbstverst\u00e4ndlich k\u00f6nnen Sie uns auch w\u00e4hrend unserer \u00d6ffnungszeiten telefonisch kontaktieren.","robots":{"index":"index","follow":"follow","max-snippet":"max-snippet:-1","max-image-preview":"max-image-preview:large","max-video-preview":"max-video-preview:-1"},"canonical":"https:\/\/www.graswoodwide.com\/de\/kontaktiere-uns\/","og_locale":"de_DE","og_type":"article","og_title":"Kontakt - Gras Wood Wide BV Zaandam - D\u00e9 houtimporteur van Nederland","og_description":"M\u00f6chten Sie mehr wissen? Bitte geben Sie an, an welche Vertriebsabteilung Sie sich wenden m\u00f6chten. Selbstverst\u00e4ndlich k\u00f6nnen Sie uns auch w\u00e4hrend unserer \u00d6ffnungszeiten telefonisch kontaktieren.","og_url":"https:\/\/www.graswoodwide.com\/de\/kontaktiere-uns\/","og_site_name":"Gras Wood Wide BV Zaandam - D\u00e9 houtimporteur van Nederland","article_publisher":"https:\/\/www.facebook.com\/GrasWoodWide\/","article_modified_time":"2021-09-29T13:18:58+00:00","og_image":[{"url":"https:\/\/www.graswoodwide.com\/wp-content\/uploads\/logo-architectenweb.png","type":"","width":"","height":""}],"twitter_misc":{"Gesch\u00e4tzte Lesezeit":"9\u00a0Minuten"},"schema":{"@context":"https:\/\/schema.org","@graph":[{"@type":"WebPage","@id":"https:\/\/www.graswoodwide.com\/de\/kontaktiere-uns\/","url":"https:\/\/www.graswoodwide.com\/de\/kontaktiere-uns\/","name":"Kontakt - Gras Wood Wide BV Zaandam - D\u00e9 houtimporteur van Nederland","isPartOf":{"@id":"https:\/\/www.graswoodwide.com\/de\/#website"},"primaryImageOfPage":{"@id":"https:\/\/www.graswoodwide.com\/de\/kontaktiere-uns\/#primaryimage"},"image":{"@id":"https:\/\/www.graswoodwide.com\/de\/kontaktiere-uns\/#primaryimage"},"thumbnailUrl":"https:\/\/www.graswoodwide.com\/wp-content\/uploads\/logo-architectenweb.png","datePublished":"2020-06-05T12:24:12+00:00","dateModified":"2021-09-29T13:18:58+00:00","description":"M\u00f6chten Sie mehr wissen? Bitte geben Sie an, an welche Vertriebsabteilung Sie sich wenden m\u00f6chten. Selbstverst\u00e4ndlich k\u00f6nnen Sie uns auch w\u00e4hrend unserer \u00d6ffnungszeiten telefonisch kontaktieren.","breadcrumb":{"@id":"https:\/\/www.graswoodwide.com\/de\/kontaktiere-uns\/#breadcrumb"},"inLanguage":"de","potentialAction":[{"@type":"ReadAction","target":["https:\/\/www.graswoodwide.com\/de\/kontaktiere-uns\/"]}]},{"@type":"ImageObject","inLanguage":"de","@id":"https:\/\/www.graswoodwide.com\/de\/kontaktiere-uns\/#primaryimage","url":"https:\/\/www.graswoodwide.com\/wp-content\/uploads\/logo-architectenweb.png","contentUrl":"https:\/\/www.graswoodwide.com\/wp-content\/uploads\/logo-architectenweb.png"},{"@type":"BreadcrumbList","@id":"https:\/\/www.graswoodwide.com\/de\/kontaktiere-uns\/#breadcrumb","itemListElement":[{"@type":"ListItem","position":1,"name":"Home","item":"https:\/\/www.graswoodwide.com\/de\/"},{"@type":"ListItem","position":2,"name":"Kontakt"}]},{"@type":"WebSite","@id":"https:\/\/www.graswoodwide.com\/de\/#website","url":"https:\/\/www.graswoodwide.com\/de\/","name":"Gras Wood Wide BV Zaandam - D\u00e9 houtimporteur van Nederland","description":"D\u00e9 houtimporteurs van Nederland!","publisher":{"@id":"https:\/\/www.graswoodwide.com\/de\/#organization"},"potentialAction":[{"@type":"SearchAction","target":{"@type":"EntryPoint","urlTemplate":"https:\/\/www.graswoodwide.com\/de\/?s={search_term_string}"},"query-input":{"@type":"PropertyValueSpecification","valueRequired":true,"valueName":"search_term_string"}}],"inLanguage":"de"},{"@type":"Organization","@id":"https:\/\/www.graswoodwide.com\/de\/#organization","name":"Gras Wood Wide BV; d\u00e9 houtimporteurs in Nederland","url":"https:\/\/www.graswoodwide.com\/de\/","logo":{"@type":"ImageObject","inLanguage":"de","@id":"https:\/\/www.graswoodwide.com\/de\/#\/schema\/logo\/image\/","url":"https:\/\/www.graswoodwide.com\/wp-content\/uploads\/Woodwide-logo1-trans.png","contentUrl":"https:\/\/www.graswoodwide.com\/wp-content\/uploads\/Woodwide-logo1-trans.png","width":421,"height":224,"caption":"Gras Wood Wide BV; d\u00e9 houtimporteurs in Nederland"},"image":{"@id":"https:\/\/www.graswoodwide.com\/de\/#\/schema\/logo\/image\/"},"sameAs":["https:\/\/www.facebook.com\/GrasWoodWide\/","https:\/\/x.com\/GrasWoodWide","https:\/\/www.instagram.com\/graswoodwide\/","https:\/\/www.linkedin.com\/company\/graswoodwide\/"]}]}},"_links":{"self":[{"href":"https:\/\/www.graswoodwide.com\/de\/wp-json\/wp\/v2\/pages\/7535","targetHints":{"allow":["GET"]}}],"collection":[{"href":"https:\/\/www.graswoodwide.com\/de\/wp-json\/wp\/v2\/pages"}],"about":[{"href":"https:\/\/www.graswoodwide.com\/de\/wp-json\/wp\/v2\/types\/page"}],"author":[{"embeddable":true,"href":"https:\/\/www.graswoodwide.com\/de\/wp-json\/wp\/v2\/users\/22"}],"replies":[{"embeddable":true,"href":"https:\/\/www.graswoodwide.com\/de\/wp-json\/wp\/v2\/comments?post=7535"}],"version-history":[{"count":0,"href":"https:\/\/www.graswoodwide.com\/de\/wp-json\/wp\/v2\/pages\/7535\/revisions"}],"wp:attachment":[{"href":"https:\/\/www.graswoodwide.com\/de\/wp-json\/wp\/v2\/media?parent=7535"}],"curies":[{"name":"wp","href":"https:\/\/api.w.org\/{rel}","templated":true}]}}