{"id":8345,"date":"2021-02-08T19:40:03","date_gmt":"2021-02-08T19:40:03","guid":{"rendered":"https:\/\/www.graswoodwide.com\/cookie-richtlinie\/"},"modified":"2023-02-28T14:49:06","modified_gmt":"2023-02-28T14:49:06","slug":"cookie-richtlinie","status":"publish","type":"page","link":"https:\/\/www.graswoodwide.com\/de\/cookie-richtlinie\/","title":{"rendered":"Cookie-Richtlinie"},"content":{"rendered":"<div class=\"fusion-fullwidth fullwidth-box fusion-builder-row-1 hundred-percent-fullwidth non-hundred-percent-height-scrolling\" style=\"--awb-border-radius-top-left:0px;--awb-border-radius-top-right:0px;--awb-border-radius-bottom-right:0px;--awb-border-radius-bottom-left:0px;--awb-overflow:visible;--awb-flex-wrap:wrap;\" ><div class=\"fusion-builder-row fusion-row\"><div class=\"fusion-layout-column fusion_builder_column fusion-builder-column-0 fusion_builder_column_1_1 1_1 fusion-one-full fusion-column-first fusion-column-last fusion-column-no-min-height\" style=\"--awb-bg-size:cover;--awb-margin-bottom:0px;\"><div class=\"fusion-column-wrapper fusion-flex-column-wrapper-legacy\"><div class=\"fusion-tabs fusion-tabs-1 classic nav-is-justified horizontal-tabs icon-position-left mobile-mode-accordion\" style=\"--awb-title-border-radius-top-left:0px;--awb-title-border-radius-top-right:0px;--awb-title-border-radius-bottom-right:0px;--awb-title-border-radius-bottom-left:0px;--awb-inactive-color:#f1f2f2;--awb-background-color:#ffffff;--awb-border-color:#ebeaea;--awb-active-border-color:#7c4f25;\"><div class=\"nav\"><ul class=\"nav-tabs nav-justified\" role=\"tablist\"><li class=\"active\" role=\"presentation\"><a class=\"tab-link\" data-toggle=\"tab\" role=\"tab\" aria-controls=\"tab-14fc6bdeb74f421a951\" aria-selected=\"true\" id=\"fusion-tab-einleitung\" href=\"#tab-14fc6bdeb74f421a951\"><h4 class=\"fusion-tab-heading\">Einleitung<\/h4><\/a><\/li><li role=\"presentation\"><a class=\"tab-link\" data-toggle=\"tab\" role=\"tab\" aria-controls=\"tab-54b145b202e56ecf5f5\" aria-selected=\"false\" tabindex=\"-1\" id=\"fusion-tab-spezies\" href=\"#tab-54b145b202e56ecf5f5\"><h4 class=\"fusion-tab-heading\">Spezies<\/h4><\/a><\/li><li role=\"presentation\"><a class=\"tab-link\" data-toggle=\"tab\" role=\"tab\" aria-controls=\"tab-1dbc7a1cd4c98cca060\" aria-selected=\"false\" tabindex=\"-1\" id=\"fusion-tab-block\" href=\"#tab-1dbc7a1cd4c98cca060\"><h4 class=\"fusion-tab-heading\">Block<\/h4><\/a><\/li><li role=\"presentation\"><a class=\"tab-link\" data-toggle=\"tab\" role=\"tab\" aria-controls=\"tab-7d36172512ae92e4d4d\" aria-selected=\"false\" tabindex=\"-1\" id=\"fusion-tab-entfernen\" href=\"#tab-7d36172512ae92e4d4d\"><h4 class=\"fusion-tab-heading\">Entfernen<\/h4><\/a><\/li><\/ul><\/div><div class=\"tab-content\"><div class=\"nav fusion-mobile-tab-nav\"><ul class=\"nav-tabs nav-justified\" role=\"tablist\"><li class=\"active\" role=\"presentation\"><a class=\"tab-link\" data-toggle=\"tab\" role=\"tab\" aria-controls=\"tab-14fc6bdeb74f421a951\" aria-selected=\"true\" id=\"mobile-fusion-tab-einleitung\" href=\"#tab-14fc6bdeb74f421a951\"><h4 class=\"fusion-tab-heading\">Einleitung<\/h4><\/a><\/li><\/ul><\/div><div class=\"tab-pane fade fusion-clearfix in active\" role=\"tabpanel\" tabindex=\"0\" aria-labelledby=\"fusion-tab-einleitung\" id=\"tab-14fc6bdeb74f421a951\">\n<i class=\"fb-icon-element-1 fb-icon-element fontawesome-icon fa fa-info circle-yes fusion-text-flow\" style=\"--awb-circlecolor:#009640;--awb-circlecolor-hover:#009640;--awb-circlebordercolor:#f7f7f7;--awb-circlebordercolor-hover:#f7f7f7;--awb-circlebordersize:1px;--awb-font-size:35.2px;--awb-width:70.4px;--awb-height:70.4px;--awb-line-height:68.4px;--awb-margin-right:20px;\"><\/i>\n<strong>Cookie-Richtlinie<\/strong><\/p>\n<ol>\n<li>Diese Website verwendet Cookies, wenn sie ihre Dienste anbietet. Dies ist eine kleine einfache Datei mit Daten, die entweder auf der Festplatte Ihres Computers oder in der Sitzung Ihres Browsers gespeichert wird. Das Sitzungscookie enth\u00e4lt keine personenbezogenen Daten und dient nur dazu, Ihnen die Nutzung der Website zu erleichtern.<\/li>\n<li>Wenn Sie die Verwendung von Cookies in Ihrem Browser deaktiviert haben, k\u00f6nnen Sie immer noch die meisten Teile der Website besuchen. Bestimmte Dienste oder Elemente der Website funktionieren jedoch m\u00f6glicherweise nicht oder nicht optimal.<\/li>\n<\/ol>\n<\/div><div class=\"nav fusion-mobile-tab-nav\"><ul class=\"nav-tabs nav-justified\" role=\"tablist\"><li role=\"presentation\"><a class=\"tab-link\" data-toggle=\"tab\" role=\"tab\" aria-controls=\"tab-54b145b202e56ecf5f5\" aria-selected=\"false\" tabindex=\"-1\" id=\"mobile-fusion-tab-spezies\" href=\"#tab-54b145b202e56ecf5f5\"><h4 class=\"fusion-tab-heading\">Spezies<\/h4><\/a><\/li><\/ul><\/div><div class=\"tab-pane fade fusion-clearfix\" role=\"tabpanel\" tabindex=\"0\" aria-labelledby=\"fusion-tab-spezies\" id=\"tab-54b145b202e56ecf5f5\">\n<i class=\"fb-icon-element-2 fb-icon-element fontawesome-icon fa fa-arrow-up circle-yes fusion-text-flow\" style=\"--awb-circlecolor:#009640;--awb-circlecolor-hover:#009640;--awb-circlebordercolor:#f7f7f7;--awb-circlebordercolor-hover:#f7f7f7;--awb-circlebordersize:1px;--awb-font-size:35.2px;--awb-width:70.4px;--awb-height:70.4px;--awb-line-height:68.4px;--awb-margin-right:20px;\"><\/i>\n<strong>Cookies k\u00f6nnen in zwei Typen unterteilt werden:<\/strong><\/p>\n<p>1. Funktionale Cookies<br \/>\nEinige Cookies sind f\u00fcr das ordnungsgem\u00e4\u00dfe Funktionieren unserer Website unerl\u00e4sslich. Wir verwenden diese Cookies, um Ihre Pr\u00e4ferenzen zu speichern. Dies sind beispielsweise Cookies, die verwendet werden, um Weiterhin Ihre Pr\u00e4ferenz f\u00fcr die Schriftgr\u00f6\u00dfe zu erkennen. Auf diese Weise m\u00fcssen Sie beim Wechseln zu einer anderen Seite innerhalb der Website nicht angeben, dass Sie die Informationen z. B. in einer gr\u00f6\u00dferen Schriftart lesen m\u00f6chten.<\/p>\n<p>2. Leistungs-Cookies<br \/>\nUnter anderem verwenden wir Cookies, um Informationen zu sammeln. Mit diesen Informationen sehen wir, welche Seiten am meisten besucht werden, welche Seiten effektiv sind und welche Seiten Fehlermeldungen bereitstellen. Mit diesen Informationen optimieren wir die Benutzerfreundlichkeit der Website.<\/p>\n<\/div><div class=\"nav fusion-mobile-tab-nav\"><ul class=\"nav-tabs nav-justified\" role=\"tablist\"><li role=\"presentation\"><a class=\"tab-link\" data-toggle=\"tab\" role=\"tab\" aria-controls=\"tab-1dbc7a1cd4c98cca060\" aria-selected=\"false\" tabindex=\"-1\" id=\"mobile-fusion-tab-block\" href=\"#tab-1dbc7a1cd4c98cca060\"><h4 class=\"fusion-tab-heading\">Block<\/h4><\/a><\/li><\/ul><\/div><div class=\"tab-pane fade fusion-clearfix\" role=\"tabpanel\" tabindex=\"0\" aria-labelledby=\"fusion-tab-block\" id=\"tab-1dbc7a1cd4c98cca060\">\n<i class=\"fb-icon-element-3 fb-icon-element fontawesome-icon fa fa-wrench circle-yes fusion-text-flow\" style=\"--awb-circlecolor:#009640;--awb-circlecolor-hover:#009640;--awb-circlebordercolor:#f7f7f7;--awb-circlebordercolor-hover:#f7f7f7;--awb-circlebordersize:1px;--awb-font-size:35.2px;--awb-width:70.4px;--awb-height:70.4px;--awb-line-height:68.4px;--awb-margin-right:20px;\"><\/i>\n<strong>Blockade von Cookies<\/strong><\/p>\n<p>Die meisten Internetbrowser k\u00f6nnen so eingestellt werden, dass Cookies nicht akzeptiert werden oder Sie benachrichtigt werden, wenn Sie ein Cookie erhalten. Wie Sie dies tun, h\u00e4ngt von dem Browser ab, den Sie verwenden. Bitte beachten Sie, dass bestimmte Teile der Website nicht oder nicht optimal funktionieren, wenn Sie Cookies blockieren. Die Art und Weise, wie Sie Cookies deaktivieren k\u00f6nnen, variiert je nach Browser. Lesen Sie unten f\u00fcr weitere Erl\u00e4uterungen.<\/p>\n<ul>\n<li><strong>Microsoft Internet Explorer<\/strong><br \/>\nVerwenden Sie (eine sehr alte Version von) Microsoft Internet Explorer, klicken Sie auf &#8222;Tools&#8220;, &#8222;Internetoptionen&#8220;, und gehen Sie dann auf die Registerkarte &#8222;Datenschutz&#8220;. Schieben Sie die Internetzone-Einstellung ganz nach oben, sodass sich der Status in &#8222;Alle Cookies blockieren&#8220; \u00e4ndert.<br \/>\n<a href=\"http:\/\/windows.microsoft.com\/nl-nl\/internet-explorer\/delete-manage-cookies#ie=ie-11\" target=\"_blank\" rel=\"noopener noreferrer\">Erfahren Sie mehr von Microsoft<\/a><\/li>\n<li><strong>Mozilla Firefox<\/strong><br \/>\nGehen Sie in Mozilla Firefox auf die Registerkarte &#8222;Extra&#8220;, &#8222;Optionen&#8220;, &#8222;Datenschutz&#8220;. W\u00e4hlen Sie in der Leiste &#8222;Firefox will&#8220; &#8222;Benutzerdefinierte Einstellungen f\u00fcr den Verlauf verwenden&#8220; aus. Schauen Sie sich hier &#8222;Cookies von Websites akzeptieren&#8220; an.<br \/>\n<a href=\"http:\/\/support.mozilla.org\/nl\/kb\/Cookies%20in-%20en%20uitschakelen\" target=\"_blank\" rel=\"noopener noreferrer\">Weitere Informationen Mozilla<\/a><\/li>\n<li><strong>Google Chrome<\/strong><br \/>\nWechseln Sie in Google Chrome zu &#8222;Anpassen und Verwalten von Google Chrome&#8220; (rechts neben der Adressleiste in der Ansicht). Klicken Sie dann auf &#8222;Einstellungen&#8220; und dann auf &#8222;Erweiterte Einstellungen anzeigen&#8220;. Unter der \u00dcberschrift &#8222;Datenschutz&#8220; finden Sie die Schaltfl\u00e4che &#8222;Inhaltseinstellungen&#8220;. Klicken Sie darauf, und Sie k\u00f6nnen dann angeben, wie Sie mit Cookies auf dem angezeigten Bildschirm umgehen m\u00f6chten.<br \/>\n<a href=\"http:\/\/support.google.com\/chrome\/bin\/answer.py?hl=nl&amp;answer=95647\" target=\"_blank\" rel=\"noopener noreferrer\">Erfahren Sie mehr Google Chrome<\/a><\/li>\n<li><strong>Safari<\/strong><br \/>\n<a href=\"http:\/\/support.apple.com\/kb\/PH5042\" target=\"_blank\" rel=\"noopener noreferrer\">Weitere Informationen<\/a><\/li>\n<\/ul>\n<p>Wenn Sie Probleme bei der Einrichtung haben, wenden Sie sich an Ihren Browseranbieter oder fragen Sie einen Freund.<\/p>\n<\/div><div class=\"nav fusion-mobile-tab-nav\"><ul class=\"nav-tabs nav-justified\" role=\"tablist\"><li role=\"presentation\"><a class=\"tab-link\" data-toggle=\"tab\" role=\"tab\" aria-controls=\"tab-7d36172512ae92e4d4d\" aria-selected=\"false\" tabindex=\"-1\" id=\"mobile-fusion-tab-entfernen\" href=\"#tab-7d36172512ae92e4d4d\"><h4 class=\"fusion-tab-heading\">Entfernen<\/h4><\/a><\/li><\/ul><\/div><div class=\"tab-pane fade fusion-clearfix\" role=\"tabpanel\" tabindex=\"0\" aria-labelledby=\"fusion-tab-entfernen\" id=\"tab-7d36172512ae92e4d4d\">\n<i class=\"fb-icon-element-4 fb-icon-element fontawesome-icon fa fa-crop circle-yes fusion-text-flow\" style=\"--awb-circlecolor:#009640;--awb-circlecolor-hover:#009640;--awb-circlebordercolor:#f7f7f7;--awb-circlebordercolor-hover:#f7f7f7;--awb-circlebordersize:1px;--awb-font-size:35.2px;--awb-width:70.4px;--awb-height:70.4px;--awb-line-height:68.4px;--awb-margin-right:20px;\"><\/i>\nNach dem Besuch der Website k\u00f6nnen Sie die Cookies von Ihrem Computer entfernen. Wie Sie dies tun k\u00f6nnen, variiert je nach Browser. Weiterlesen&#8230;<\/p>\n<ul>\n<li><strong>Microsoft Internet<br \/>\n Explorer<\/strong> Zu Tools &#8211; Internetoptionen<br \/>\nGehen Sie auf der Registerkarte Allgemein zum General.<br \/>\nKlicken Sie im Feld Browserverlauf auf L\u00f6schen.<br \/>\nKlicken Sie auf Cookies l\u00f6schen. Okay.<\/li>\n<li><strong>Mozilla<br \/>\n Firefox<\/strong> Gehe zu Extra &#8211; Optionen.<br \/>\nGehen Sie zu Datenschutz.<br \/>\nHier k\u00f6nnen Sie die j\u00fcngere Geschichte l\u00f6schen<\/li>\n<li><strong>Google<br \/>\n Chrome<\/strong> Klicken Sie auf das Schl\u00fcsselsymbol in der oberen rechten Ecke und w\u00e4hlen Sie Optionen.<br \/>\nWechseln Sie zu Erweiterte Optionen.<br \/>\nKlicken Sie auf Inhaltseinstellungen.<br \/>\nKlicken Sie bei Cookies auf Alle Cookies und Websitedaten.<br \/>\nKlicken Sie auf Alle l\u00f6schen.<\/li>\n<\/ul>\n<p>Wenn Sie mit einem anderen Browser arbeiten, finden Sie auch die Anleitung zum Anpassen der Einstellungen Ihres Browsers unter &#8222;Hilfe&#8220; in der Symbolleiste der meisten Browser.<\/p>\n<\/div><\/div><\/div><div class=\"fusion-clearfix\"><\/div><\/div><\/div><\/div><\/div>\n","protected":false},"excerpt":{"rendered":"","protected":false},"author":22,"featured_media":0,"parent":0,"menu_order":2,"comment_status":"closed","ping_status":"open","template":"","meta":{"footnotes":""},"class_list":["post-8345","page","type-page","status-publish","hentry"],"yoast_head":"<!-- This site is optimized with the Yoast SEO plugin v27.2 - https:\/\/yoast.com\/product\/yoast-seo-wordpress\/ -->\n<title>Cookie-Richtlinie - Gras Wood Wide BV Zaandam - D\u00e9 houtimporteur van Nederland<\/title>\n<meta name=\"description\" content=\"Diese Website verwendet Cookies. Lesen Sie hier unsere Cookie-Richtlinie und weitere Erl\u00e4uterungen. Ein Cookie ist eine harmlose Datei zum Speichern von Einstellungen.\" \/>\n<meta name=\"robots\" content=\"index, follow, max-snippet:-1, max-image-preview:large, max-video-preview:-1\" \/>\n<link rel=\"canonical\" href=\"https:\/\/www.graswoodwide.com\/de\/cookie-richtlinie\/\" \/>\n<meta property=\"og:locale\" content=\"de_DE\" \/>\n<meta property=\"og:type\" content=\"article\" \/>\n<meta property=\"og:title\" content=\"Cookie-Richtlinie - Gras Wood Wide BV Zaandam - D\u00e9 houtimporteur van Nederland\" \/>\n<meta property=\"og:description\" content=\"Diese Website verwendet Cookies. Lesen Sie hier unsere Cookie-Richtlinie und weitere Erl\u00e4uterungen. Ein Cookie ist eine harmlose Datei zum Speichern von Einstellungen.\" \/>\n<meta property=\"og:url\" content=\"https:\/\/www.graswoodwide.com\/de\/cookie-richtlinie\/\" \/>\n<meta property=\"og:site_name\" content=\"Gras Wood Wide BV Zaandam - D\u00e9 houtimporteur van Nederland\" \/>\n<meta property=\"article:publisher\" content=\"https:\/\/www.facebook.com\/GrasWoodWide\/\" \/>\n<meta property=\"article:modified_time\" content=\"2023-02-28T14:49:06+00:00\" \/>\n<meta name=\"twitter:label1\" content=\"Gesch\u00e4tzte Lesezeit\" \/>\n\t<meta name=\"twitter:data1\" content=\"4\u00a0Minuten\" \/>\n<script type=\"application\/ld+json\" class=\"yoast-schema-graph\">{\"@context\":\"https:\/\/schema.org\",\"@graph\":[{\"@type\":\"WebPage\",\"@id\":\"https:\/\/www.graswoodwide.com\/de\/cookie-richtlinie\/\",\"url\":\"https:\/\/www.graswoodwide.com\/de\/cookie-richtlinie\/\",\"name\":\"Cookie-Richtlinie - Gras Wood Wide BV Zaandam - D\u00e9 houtimporteur van Nederland\",\"isPartOf\":{\"@id\":\"https:\/\/www.graswoodwide.com\/de\/#website\"},\"datePublished\":\"2021-02-08T19:40:03+00:00\",\"dateModified\":\"2023-02-28T14:49:06+00:00\",\"description\":\"Diese Website verwendet Cookies. Lesen Sie hier unsere Cookie-Richtlinie und weitere Erl\u00e4uterungen. Ein Cookie ist eine harmlose Datei zum Speichern von Einstellungen.\",\"breadcrumb\":{\"@id\":\"https:\/\/www.graswoodwide.com\/de\/cookie-richtlinie\/#breadcrumb\"},\"inLanguage\":\"de\",\"potentialAction\":[{\"@type\":\"ReadAction\",\"target\":[\"https:\/\/www.graswoodwide.com\/de\/cookie-richtlinie\/\"]}]},{\"@type\":\"BreadcrumbList\",\"@id\":\"https:\/\/www.graswoodwide.com\/de\/cookie-richtlinie\/#breadcrumb\",\"itemListElement\":[{\"@type\":\"ListItem\",\"position\":1,\"name\":\"Home\",\"item\":\"https:\/\/www.graswoodwide.com\/de\/\"},{\"@type\":\"ListItem\",\"position\":2,\"name\":\"Cookie-Richtlinie\"}]},{\"@type\":\"WebSite\",\"@id\":\"https:\/\/www.graswoodwide.com\/de\/#website\",\"url\":\"https:\/\/www.graswoodwide.com\/de\/\",\"name\":\"Gras Wood Wide BV Zaandam - D\u00e9 houtimporteur van Nederland\",\"description\":\"D\u00e9 houtimporteurs van Nederland!\",\"publisher\":{\"@id\":\"https:\/\/www.graswoodwide.com\/de\/#organization\"},\"potentialAction\":[{\"@type\":\"SearchAction\",\"target\":{\"@type\":\"EntryPoint\",\"urlTemplate\":\"https:\/\/www.graswoodwide.com\/de\/?s={search_term_string}\"},\"query-input\":{\"@type\":\"PropertyValueSpecification\",\"valueRequired\":true,\"valueName\":\"search_term_string\"}}],\"inLanguage\":\"de\"},{\"@type\":\"Organization\",\"@id\":\"https:\/\/www.graswoodwide.com\/de\/#organization\",\"name\":\"Gras Wood Wide BV; d\u00e9 houtimporteurs in Nederland\",\"url\":\"https:\/\/www.graswoodwide.com\/de\/\",\"logo\":{\"@type\":\"ImageObject\",\"inLanguage\":\"de\",\"@id\":\"https:\/\/www.graswoodwide.com\/de\/#\/schema\/logo\/image\/\",\"url\":\"https:\/\/www.graswoodwide.com\/wp-content\/uploads\/Woodwide-logo1-trans.png\",\"contentUrl\":\"https:\/\/www.graswoodwide.com\/wp-content\/uploads\/Woodwide-logo1-trans.png\",\"width\":421,\"height\":224,\"caption\":\"Gras Wood Wide BV; d\u00e9 houtimporteurs in Nederland\"},\"image\":{\"@id\":\"https:\/\/www.graswoodwide.com\/de\/#\/schema\/logo\/image\/\"},\"sameAs\":[\"https:\/\/www.facebook.com\/GrasWoodWide\/\",\"https:\/\/x.com\/GrasWoodWide\",\"https:\/\/www.instagram.com\/graswoodwide\/\",\"https:\/\/www.linkedin.com\/company\/graswoodwide\/\"]}]}<\/script>\n<!-- \/ Yoast SEO plugin. -->","yoast_head_json":{"title":"Cookie-Richtlinie - Gras Wood Wide BV Zaandam - D\u00e9 houtimporteur van Nederland","description":"Diese Website verwendet Cookies. Lesen Sie hier unsere Cookie-Richtlinie und weitere Erl\u00e4uterungen. Ein Cookie ist eine harmlose Datei zum Speichern von Einstellungen.","robots":{"index":"index","follow":"follow","max-snippet":"max-snippet:-1","max-image-preview":"max-image-preview:large","max-video-preview":"max-video-preview:-1"},"canonical":"https:\/\/www.graswoodwide.com\/de\/cookie-richtlinie\/","og_locale":"de_DE","og_type":"article","og_title":"Cookie-Richtlinie - Gras Wood Wide BV Zaandam - D\u00e9 houtimporteur van Nederland","og_description":"Diese Website verwendet Cookies. Lesen Sie hier unsere Cookie-Richtlinie und weitere Erl\u00e4uterungen. Ein Cookie ist eine harmlose Datei zum Speichern von Einstellungen.","og_url":"https:\/\/www.graswoodwide.com\/de\/cookie-richtlinie\/","og_site_name":"Gras Wood Wide BV Zaandam - D\u00e9 houtimporteur van Nederland","article_publisher":"https:\/\/www.facebook.com\/GrasWoodWide\/","article_modified_time":"2023-02-28T14:49:06+00:00","twitter_misc":{"Gesch\u00e4tzte Lesezeit":"4\u00a0Minuten"},"schema":{"@context":"https:\/\/schema.org","@graph":[{"@type":"WebPage","@id":"https:\/\/www.graswoodwide.com\/de\/cookie-richtlinie\/","url":"https:\/\/www.graswoodwide.com\/de\/cookie-richtlinie\/","name":"Cookie-Richtlinie - Gras Wood Wide BV Zaandam - D\u00e9 houtimporteur van Nederland","isPartOf":{"@id":"https:\/\/www.graswoodwide.com\/de\/#website"},"datePublished":"2021-02-08T19:40:03+00:00","dateModified":"2023-02-28T14:49:06+00:00","description":"Diese Website verwendet Cookies. Lesen Sie hier unsere Cookie-Richtlinie und weitere Erl\u00e4uterungen. Ein Cookie ist eine harmlose Datei zum Speichern von Einstellungen.","breadcrumb":{"@id":"https:\/\/www.graswoodwide.com\/de\/cookie-richtlinie\/#breadcrumb"},"inLanguage":"de","potentialAction":[{"@type":"ReadAction","target":["https:\/\/www.graswoodwide.com\/de\/cookie-richtlinie\/"]}]},{"@type":"BreadcrumbList","@id":"https:\/\/www.graswoodwide.com\/de\/cookie-richtlinie\/#breadcrumb","itemListElement":[{"@type":"ListItem","position":1,"name":"Home","item":"https:\/\/www.graswoodwide.com\/de\/"},{"@type":"ListItem","position":2,"name":"Cookie-Richtlinie"}]},{"@type":"WebSite","@id":"https:\/\/www.graswoodwide.com\/de\/#website","url":"https:\/\/www.graswoodwide.com\/de\/","name":"Gras Wood Wide BV Zaandam - D\u00e9 houtimporteur van Nederland","description":"D\u00e9 houtimporteurs van Nederland!","publisher":{"@id":"https:\/\/www.graswoodwide.com\/de\/#organization"},"potentialAction":[{"@type":"SearchAction","target":{"@type":"EntryPoint","urlTemplate":"https:\/\/www.graswoodwide.com\/de\/?s={search_term_string}"},"query-input":{"@type":"PropertyValueSpecification","valueRequired":true,"valueName":"search_term_string"}}],"inLanguage":"de"},{"@type":"Organization","@id":"https:\/\/www.graswoodwide.com\/de\/#organization","name":"Gras Wood Wide BV; d\u00e9 houtimporteurs in Nederland","url":"https:\/\/www.graswoodwide.com\/de\/","logo":{"@type":"ImageObject","inLanguage":"de","@id":"https:\/\/www.graswoodwide.com\/de\/#\/schema\/logo\/image\/","url":"https:\/\/www.graswoodwide.com\/wp-content\/uploads\/Woodwide-logo1-trans.png","contentUrl":"https:\/\/www.graswoodwide.com\/wp-content\/uploads\/Woodwide-logo1-trans.png","width":421,"height":224,"caption":"Gras Wood Wide BV; d\u00e9 houtimporteurs in Nederland"},"image":{"@id":"https:\/\/www.graswoodwide.com\/de\/#\/schema\/logo\/image\/"},"sameAs":["https:\/\/www.facebook.com\/GrasWoodWide\/","https:\/\/x.com\/GrasWoodWide","https:\/\/www.instagram.com\/graswoodwide\/","https:\/\/www.linkedin.com\/company\/graswoodwide\/"]}]}},"_links":{"self":[{"href":"https:\/\/www.graswoodwide.com\/de\/wp-json\/wp\/v2\/pages\/8345","targetHints":{"allow":["GET"]}}],"collection":[{"href":"https:\/\/www.graswoodwide.com\/de\/wp-json\/wp\/v2\/pages"}],"about":[{"href":"https:\/\/www.graswoodwide.com\/de\/wp-json\/wp\/v2\/types\/page"}],"author":[{"embeddable":true,"href":"https:\/\/www.graswoodwide.com\/de\/wp-json\/wp\/v2\/users\/22"}],"replies":[{"embeddable":true,"href":"https:\/\/www.graswoodwide.com\/de\/wp-json\/wp\/v2\/comments?post=8345"}],"version-history":[{"count":0,"href":"https:\/\/www.graswoodwide.com\/de\/wp-json\/wp\/v2\/pages\/8345\/revisions"}],"wp:attachment":[{"href":"https:\/\/www.graswoodwide.com\/de\/wp-json\/wp\/v2\/media?parent=8345"}],"curies":[{"name":"wp","href":"https:\/\/api.w.org\/{rel}","templated":true}]}}