{"id":8512,"date":"2021-02-25T09:32:03","date_gmt":"2021-02-25T09:32:03","guid":{"rendered":"https:\/\/www.graswoodwide.com\/haftungsausschluss\/"},"modified":"2021-02-26T09:18:36","modified_gmt":"2021-02-26T09:18:36","slug":"haftungsausschluss","status":"publish","type":"page","link":"https:\/\/www.graswoodwide.com\/de\/haftungsausschluss\/","title":{"rendered":"Haftungsausschluss"},"content":{"rendered":"<div class=\"fusion-fullwidth fullwidth-box fusion-builder-row-1 nonhundred-percent-fullwidth non-hundred-percent-height-scrolling\" style=\"--awb-border-radius-top-left:0px;--awb-border-radius-top-right:0px;--awb-border-radius-bottom-right:0px;--awb-border-radius-bottom-left:0px;--awb-flex-wrap:wrap;\" ><div class=\"fusion-builder-row fusion-row\"><div class=\"fusion-layout-column fusion_builder_column fusion-builder-column-0 fusion_builder_column_1_1 1_1 fusion-one-full fusion-column-first fusion-column-last\" style=\"--awb-bg-size:cover;--awb-margin-bottom:0px;\"><div class=\"fusion-column-wrapper fusion-flex-column-wrapper-legacy\"><div class=\"fusion-title title fusion-title-1 fusion-sep-none fusion-title-text fusion-title-size-two\" style=\"--awb-margin-top:20px;--awb-margin-bottom:30px;--awb-margin-top-small:0px;--awb-margin-right-small:0px;--awb-margin-bottom-small:20px;--awb-margin-left-small:0px;\"><h2 class=\"fusion-title-heading title-heading-left\" style=\"margin:0;\">HAFTUNGSAUSSCHLUSS<\/h2><\/div><div class=\"fusion-text fusion-text-1\"><h3>Haftung<\/h3>\n<p>Die auf dieser Website enthaltenen Informationen dienen nur der allgemeinen Information. Es k\u00f6nnen keine Rechte aus den Informationen auf dieser Website abgeleitet werden. Obwohl Gras Wood Wide bei der Zusammenstellung und Pflege dieser Website Sorgfalt walten l\u00e4sst und sich auf als zuverl\u00e4ssig geltende Quellen beruft, \u00fcbernimmt Gras Wood Wide keine Gew\u00e4hr f\u00fcr die Richtigkeit, Vollst\u00e4ndigkeit und Aktualit\u00e4t der bereitgestellten Informationen. Gras Wood Wide wird selbstverst\u00e4ndlich alle Fehler oder Ungenauigkeiten auf dieser Website so schnell wie m\u00f6glich korrigieren. Gras Wood Wide haftet nicht f\u00fcr direkte oder indirekte Sch\u00e4den jeglicher Art, die sich aus der Website ergeben oder in irgendeiner Weise mit dieser zusammenh\u00e4ngen.<\/p>\n<p>Gras Wood Wide garantiert nicht, dass die Website ohne Fehler oder Unterbrechungen funktioniert. Gras Wood Wide \u00fcbernimmt ausdr\u00fccklich keine Gew\u00e4hr f\u00fcr die Richtigkeit, Vollst\u00e4ndigkeit und Aktualit\u00e4t der bereitgestellten Informationen sowie f\u00fcr die (ununterbrochene) Nutzung dieser Website.<\/p>\n<h3>Urheberrecht<\/h3>\n<p>Die Gestaltung, die Texte, Logos und Grafiken dieser Website unterliegen dem Urheberrecht von Gras Wood Wide. Es ist nicht gestattet, die auf dieser Website enthaltenen Informationen ohne vorherige schriftliche Zustimmung der Marketingabteilung von Gras Wood Wide zu kopieren, herunterzuladen oder in irgendeiner Weise zu ver\u00f6ffentlichen, zu verteilen oder zu vervielf\u00e4ltigen.<\/p>\n<h3>\u00c4nderungen<\/h3>\n<p>Gras Wood Wide beh\u00e4lt sich das Recht vor, die auf oder \u00fcber diese Website bereitgestellten Informationen, einschlie\u00dflich der Bedingungen dieses Haftungsausschlusses, jederzeit und ohne vorherige Ank\u00fcndigung zu \u00e4ndern.<\/p>\n<\/div><div class=\"fusion-sep-clear\"><\/div><div class=\"fusion-separator fusion-full-width-sep\" style=\"margin-left: auto;margin-right: auto;margin-bottom:40px;width:100%;\"><\/div><div class=\"fusion-sep-clear\"><\/div><div class=\"fusion-clearfix\"><\/div><\/div><\/div><\/div><\/div>\n","protected":false},"excerpt":{"rendered":"","protected":false},"author":22,"featured_media":0,"parent":0,"menu_order":5,"comment_status":"closed","ping_status":"closed","template":"","meta":{"footnotes":""},"class_list":["post-8512","page","type-page","status-publish","hentry"],"yoast_head":"<!-- This site is optimized with the Yoast SEO plugin v27.2 - https:\/\/yoast.com\/product\/yoast-seo-wordpress\/ -->\n<title>Haftungsausschluss - Gras Wood Wide BV Zaandam - D\u00e9 houtimporteur van Nederland<\/title>\n<meta name=\"description\" content=\"Hier finden Sie Angaben zum Urheberrecht und zur Haftung bzw. unsere in einem Haftungsausschluss zusammengefassten Gesch\u00e4ftsbedingungen.\" \/>\n<meta name=\"robots\" content=\"index, follow, max-snippet:-1, max-image-preview:large, max-video-preview:-1\" \/>\n<link rel=\"canonical\" href=\"https:\/\/www.graswoodwide.com\/de\/haftungsausschluss\/\" \/>\n<meta property=\"og:locale\" content=\"de_DE\" \/>\n<meta property=\"og:type\" content=\"article\" \/>\n<meta property=\"og:title\" content=\"Haftungsausschluss - Gras Wood Wide BV Zaandam - D\u00e9 houtimporteur van Nederland\" \/>\n<meta property=\"og:description\" content=\"Hier finden Sie Angaben zum Urheberrecht und zur Haftung bzw. unsere in einem Haftungsausschluss zusammengefassten Gesch\u00e4ftsbedingungen.\" \/>\n<meta property=\"og:url\" content=\"https:\/\/www.graswoodwide.com\/de\/haftungsausschluss\/\" \/>\n<meta property=\"og:site_name\" content=\"Gras Wood Wide BV Zaandam - D\u00e9 houtimporteur van Nederland\" \/>\n<meta property=\"article:publisher\" content=\"https:\/\/www.facebook.com\/GrasWoodWide\/\" \/>\n<meta property=\"article:modified_time\" content=\"2021-02-26T09:18:36+00:00\" \/>\n<meta name=\"twitter:label1\" content=\"Gesch\u00e4tzte Lesezeit\" \/>\n\t<meta name=\"twitter:data1\" content=\"3\u00a0Minuten\" \/>\n<script type=\"application\/ld+json\" class=\"yoast-schema-graph\">{\"@context\":\"https:\/\/schema.org\",\"@graph\":[{\"@type\":\"WebPage\",\"@id\":\"https:\/\/www.graswoodwide.com\/de\/haftungsausschluss\/\",\"url\":\"https:\/\/www.graswoodwide.com\/de\/haftungsausschluss\/\",\"name\":\"Haftungsausschluss - Gras Wood Wide BV Zaandam - D\u00e9 houtimporteur van Nederland\",\"isPartOf\":{\"@id\":\"https:\/\/www.graswoodwide.com\/de\/#website\"},\"datePublished\":\"2021-02-25T09:32:03+00:00\",\"dateModified\":\"2021-02-26T09:18:36+00:00\",\"description\":\"Hier finden Sie Angaben zum Urheberrecht und zur Haftung bzw. unsere in einem Haftungsausschluss zusammengefassten Gesch\u00e4ftsbedingungen.\",\"breadcrumb\":{\"@id\":\"https:\/\/www.graswoodwide.com\/de\/haftungsausschluss\/#breadcrumb\"},\"inLanguage\":\"de\",\"potentialAction\":[{\"@type\":\"ReadAction\",\"target\":[\"https:\/\/www.graswoodwide.com\/de\/haftungsausschluss\/\"]}]},{\"@type\":\"BreadcrumbList\",\"@id\":\"https:\/\/www.graswoodwide.com\/de\/haftungsausschluss\/#breadcrumb\",\"itemListElement\":[{\"@type\":\"ListItem\",\"position\":1,\"name\":\"Home\",\"item\":\"https:\/\/www.graswoodwide.com\/de\/\"},{\"@type\":\"ListItem\",\"position\":2,\"name\":\"Haftungsausschluss\"}]},{\"@type\":\"WebSite\",\"@id\":\"https:\/\/www.graswoodwide.com\/de\/#website\",\"url\":\"https:\/\/www.graswoodwide.com\/de\/\",\"name\":\"Gras Wood Wide BV Zaandam - D\u00e9 houtimporteur van Nederland\",\"description\":\"D\u00e9 houtimporteurs van Nederland!\",\"publisher\":{\"@id\":\"https:\/\/www.graswoodwide.com\/de\/#organization\"},\"potentialAction\":[{\"@type\":\"SearchAction\",\"target\":{\"@type\":\"EntryPoint\",\"urlTemplate\":\"https:\/\/www.graswoodwide.com\/de\/?s={search_term_string}\"},\"query-input\":{\"@type\":\"PropertyValueSpecification\",\"valueRequired\":true,\"valueName\":\"search_term_string\"}}],\"inLanguage\":\"de\"},{\"@type\":\"Organization\",\"@id\":\"https:\/\/www.graswoodwide.com\/de\/#organization\",\"name\":\"Gras Wood Wide BV; d\u00e9 houtimporteurs in Nederland\",\"url\":\"https:\/\/www.graswoodwide.com\/de\/\",\"logo\":{\"@type\":\"ImageObject\",\"inLanguage\":\"de\",\"@id\":\"https:\/\/www.graswoodwide.com\/de\/#\/schema\/logo\/image\/\",\"url\":\"https:\/\/www.graswoodwide.com\/wp-content\/uploads\/Woodwide-logo1-trans.png\",\"contentUrl\":\"https:\/\/www.graswoodwide.com\/wp-content\/uploads\/Woodwide-logo1-trans.png\",\"width\":421,\"height\":224,\"caption\":\"Gras Wood Wide BV; d\u00e9 houtimporteurs in Nederland\"},\"image\":{\"@id\":\"https:\/\/www.graswoodwide.com\/de\/#\/schema\/logo\/image\/\"},\"sameAs\":[\"https:\/\/www.facebook.com\/GrasWoodWide\/\",\"https:\/\/x.com\/GrasWoodWide\",\"https:\/\/www.instagram.com\/graswoodwide\/\",\"https:\/\/www.linkedin.com\/company\/graswoodwide\/\"]}]}<\/script>\n<!-- \/ Yoast SEO plugin. -->","yoast_head_json":{"title":"Haftungsausschluss - Gras Wood Wide BV Zaandam - D\u00e9 houtimporteur van Nederland","description":"Hier finden Sie Angaben zum Urheberrecht und zur Haftung bzw. unsere in einem Haftungsausschluss zusammengefassten Gesch\u00e4ftsbedingungen.","robots":{"index":"index","follow":"follow","max-snippet":"max-snippet:-1","max-image-preview":"max-image-preview:large","max-video-preview":"max-video-preview:-1"},"canonical":"https:\/\/www.graswoodwide.com\/de\/haftungsausschluss\/","og_locale":"de_DE","og_type":"article","og_title":"Haftungsausschluss - Gras Wood Wide BV Zaandam - D\u00e9 houtimporteur van Nederland","og_description":"Hier finden Sie Angaben zum Urheberrecht und zur Haftung bzw. unsere in einem Haftungsausschluss zusammengefassten Gesch\u00e4ftsbedingungen.","og_url":"https:\/\/www.graswoodwide.com\/de\/haftungsausschluss\/","og_site_name":"Gras Wood Wide BV Zaandam - D\u00e9 houtimporteur van Nederland","article_publisher":"https:\/\/www.facebook.com\/GrasWoodWide\/","article_modified_time":"2021-02-26T09:18:36+00:00","twitter_misc":{"Gesch\u00e4tzte Lesezeit":"3\u00a0Minuten"},"schema":{"@context":"https:\/\/schema.org","@graph":[{"@type":"WebPage","@id":"https:\/\/www.graswoodwide.com\/de\/haftungsausschluss\/","url":"https:\/\/www.graswoodwide.com\/de\/haftungsausschluss\/","name":"Haftungsausschluss - Gras Wood Wide BV Zaandam - D\u00e9 houtimporteur van Nederland","isPartOf":{"@id":"https:\/\/www.graswoodwide.com\/de\/#website"},"datePublished":"2021-02-25T09:32:03+00:00","dateModified":"2021-02-26T09:18:36+00:00","description":"Hier finden Sie Angaben zum Urheberrecht und zur Haftung bzw. unsere in einem Haftungsausschluss zusammengefassten Gesch\u00e4ftsbedingungen.","breadcrumb":{"@id":"https:\/\/www.graswoodwide.com\/de\/haftungsausschluss\/#breadcrumb"},"inLanguage":"de","potentialAction":[{"@type":"ReadAction","target":["https:\/\/www.graswoodwide.com\/de\/haftungsausschluss\/"]}]},{"@type":"BreadcrumbList","@id":"https:\/\/www.graswoodwide.com\/de\/haftungsausschluss\/#breadcrumb","itemListElement":[{"@type":"ListItem","position":1,"name":"Home","item":"https:\/\/www.graswoodwide.com\/de\/"},{"@type":"ListItem","position":2,"name":"Haftungsausschluss"}]},{"@type":"WebSite","@id":"https:\/\/www.graswoodwide.com\/de\/#website","url":"https:\/\/www.graswoodwide.com\/de\/","name":"Gras Wood Wide BV Zaandam - D\u00e9 houtimporteur van Nederland","description":"D\u00e9 houtimporteurs van Nederland!","publisher":{"@id":"https:\/\/www.graswoodwide.com\/de\/#organization"},"potentialAction":[{"@type":"SearchAction","target":{"@type":"EntryPoint","urlTemplate":"https:\/\/www.graswoodwide.com\/de\/?s={search_term_string}"},"query-input":{"@type":"PropertyValueSpecification","valueRequired":true,"valueName":"search_term_string"}}],"inLanguage":"de"},{"@type":"Organization","@id":"https:\/\/www.graswoodwide.com\/de\/#organization","name":"Gras Wood Wide BV; d\u00e9 houtimporteurs in Nederland","url":"https:\/\/www.graswoodwide.com\/de\/","logo":{"@type":"ImageObject","inLanguage":"de","@id":"https:\/\/www.graswoodwide.com\/de\/#\/schema\/logo\/image\/","url":"https:\/\/www.graswoodwide.com\/wp-content\/uploads\/Woodwide-logo1-trans.png","contentUrl":"https:\/\/www.graswoodwide.com\/wp-content\/uploads\/Woodwide-logo1-trans.png","width":421,"height":224,"caption":"Gras Wood Wide BV; d\u00e9 houtimporteurs in Nederland"},"image":{"@id":"https:\/\/www.graswoodwide.com\/de\/#\/schema\/logo\/image\/"},"sameAs":["https:\/\/www.facebook.com\/GrasWoodWide\/","https:\/\/x.com\/GrasWoodWide","https:\/\/www.instagram.com\/graswoodwide\/","https:\/\/www.linkedin.com\/company\/graswoodwide\/"]}]}},"_links":{"self":[{"href":"https:\/\/www.graswoodwide.com\/de\/wp-json\/wp\/v2\/pages\/8512","targetHints":{"allow":["GET"]}}],"collection":[{"href":"https:\/\/www.graswoodwide.com\/de\/wp-json\/wp\/v2\/pages"}],"about":[{"href":"https:\/\/www.graswoodwide.com\/de\/wp-json\/wp\/v2\/types\/page"}],"author":[{"embeddable":true,"href":"https:\/\/www.graswoodwide.com\/de\/wp-json\/wp\/v2\/users\/22"}],"replies":[{"embeddable":true,"href":"https:\/\/www.graswoodwide.com\/de\/wp-json\/wp\/v2\/comments?post=8512"}],"version-history":[{"count":0,"href":"https:\/\/www.graswoodwide.com\/de\/wp-json\/wp\/v2\/pages\/8512\/revisions"}],"wp:attachment":[{"href":"https:\/\/www.graswoodwide.com\/de\/wp-json\/wp\/v2\/media?parent=8512"}],"curies":[{"name":"wp","href":"https:\/\/api.w.org\/{rel}","templated":true}]}}