{"id":8853,"date":"2021-02-26T11:29:57","date_gmt":"2021-02-26T11:29:57","guid":{"rendered":"https:\/\/www.graswoodwide.com\/neuigkeiten-fur-architekte\/"},"modified":"2021-02-26T15:10:38","modified_gmt":"2021-02-26T15:10:38","slug":"neuigkeiten-fur-architekte","status":"publish","type":"page","link":"https:\/\/www.graswoodwide.com\/de\/neuigkeiten-fur-architekte\/","title":{"rendered":"Neuigkeiten (f\u00fcr Architekte)"},"content":{"rendered":"<div class=\"fusion-fullwidth fullwidth-box fusion-builder-row-1 hundred-percent-fullwidth non-hundred-percent-height-scrolling\" style=\"--awb-border-radius-top-left:0px;--awb-border-radius-top-right:0px;--awb-border-radius-bottom-right:0px;--awb-border-radius-bottom-left:0px;--awb-overflow:visible;--awb-flex-wrap:wrap;\" ><div class=\"fusion-builder-row fusion-row\"><div class=\"fusion-layout-column fusion_builder_column fusion-builder-column-0 fusion_builder_column_1_1 1_1 fusion-one-full fusion-column-first fusion-column-last fusion-column-no-min-height\" style=\"--awb-bg-size:cover;--awb-margin-bottom:0px;\"><div class=\"fusion-column-wrapper fusion-flex-column-wrapper-legacy\"><div class=\"fusion-sep-clear\"><\/div><div class=\"fusion-separator fusion-full-width-sep\" style=\"margin-left: auto;margin-right: auto;margin-top:20px;margin-bottom:20px;width:100%;\"><\/div><div class=\"fusion-sep-clear\"><\/div><div class=\"fusion-recent-posts fusion-recent-posts-1 avada-container layout-default layout-columns-2\"><section class=\"fusion-columns columns fusion-columns-2 columns-2\"><article class=\"post fusion-column column col col-lg-6 col-md-6 col-sm-6\"><div class=\"fusion-flexslider fusion-flexslider-loading flexslider flexslider-hover-type-none\"><ul class=\"slides\"><li><a href=\"https:\/\/www.graswoodwide.com\/de\/das-weltweit-erste-fussballstadion-aus-holz\/\" aria-label=\"Das weltweit erste Fu\u00dfballstadion aus Holz\" class=\"hover-type-none\"><img decoding=\"async\" width=\"800\" height=\"541\" src=\"https:\/\/www.graswoodwide.com\/wp-content\/uploads\/01_zha_fgr_exterior01_renderbymir-1563x1080-1.jpg\" class=\"attachment-full size-full lazyload\" alt=\"\" srcset=\"data:image\/svg+xml,%3Csvg%20xmlns%3D%27http%3A%2F%2Fwww.w3.org%2F2000%2Fsvg%27%20width%3D%27800%27%20height%3D%27541%27%20viewBox%3D%270%200%20800%20541%27%3E%3Crect%20width%3D%27800%27%20height%3D%27541%27%20fill-opacity%3D%220%22%2F%3E%3C%2Fsvg%3E\" data-orig-src=\"https:\/\/www.graswoodwide.com\/wp-content\/uploads\/01_zha_fgr_exterior01_renderbymir-1563x1080-1.jpg\" data-srcset=\"https:\/\/www.graswoodwide.com\/wp-content\/uploads\/01_zha_fgr_exterior01_renderbymir-1563x1080-1-200x135.jpg 200w, https:\/\/www.graswoodwide.com\/wp-content\/uploads\/01_zha_fgr_exterior01_renderbymir-1563x1080-1-400x271.jpg 400w, https:\/\/www.graswoodwide.com\/wp-content\/uploads\/01_zha_fgr_exterior01_renderbymir-1563x1080-1-600x406.jpg 600w, https:\/\/www.graswoodwide.com\/wp-content\/uploads\/01_zha_fgr_exterior01_renderbymir-1563x1080-1.jpg 800w\" data-sizes=\"auto\" \/><\/a><\/li><\/ul><\/div><div class=\"recent-posts-content\"><h4 class=\"\"><a href=\"https:\/\/www.graswoodwide.com\/de\/das-weltweit-erste-fussballstadion-aus-holz\/\">Das weltweit erste Fu\u00dfballstadion aus Holz<\/a><\/h4><p> Jetzt, nachdem die Pl\u00e4ne des Architekturb\u00fcros Zaha Hadid genehmigt wurden, darf sich der Fu\u00dfballverein Forest Green Rovers aus dem englischen Gloucestershire stolzer Besitzer des 'gr\u00fcnsten Fu\u00dfballstadions der Welt' nennen. Sie m\u00fcssen sich zwar noch<a href=\"https:\/\/www.graswoodwide.com\/de\/das-weltweit-erste-fussballstadion-aus-holz\/\"> [...]<\/a><\/p><\/div><\/article><article class=\"post fusion-column column col col-lg-6 col-md-6 col-sm-6\"><div class=\"fusion-flexslider fusion-flexslider-loading flexslider flexslider-hover-type-none\"><ul class=\"slides\"><li><a href=\"https:\/\/www.graswoodwide.com\/de\/gewinner-des-house-of-the-year-award\/\" aria-label=\"Gewinner des House of the Year Award\" class=\"hover-type-none\"><img decoding=\"async\" width=\"800\" height=\"541\" src=\"https:\/\/www.graswoodwide.com\/wp-content\/uploads\/Lunawood-nieuws.jpg\" class=\"attachment-full size-full lazyload\" alt=\"\" srcset=\"data:image\/svg+xml,%3Csvg%20xmlns%3D%27http%3A%2F%2Fwww.w3.org%2F2000%2Fsvg%27%20width%3D%27800%27%20height%3D%27541%27%20viewBox%3D%270%200%20800%20541%27%3E%3Crect%20width%3D%27800%27%20height%3D%27541%27%20fill-opacity%3D%220%22%2F%3E%3C%2Fsvg%3E\" data-orig-src=\"https:\/\/www.graswoodwide.com\/wp-content\/uploads\/Lunawood-nieuws.jpg\" data-srcset=\"https:\/\/www.graswoodwide.com\/wp-content\/uploads\/Lunawood-nieuws-200x135.jpg 200w, https:\/\/www.graswoodwide.com\/wp-content\/uploads\/Lunawood-nieuws-400x271.jpg 400w, https:\/\/www.graswoodwide.com\/wp-content\/uploads\/Lunawood-nieuws-600x406.jpg 600w, https:\/\/www.graswoodwide.com\/wp-content\/uploads\/Lunawood-nieuws.jpg 800w\" data-sizes=\"auto\" \/><\/a><\/li><\/ul><\/div><div class=\"recent-posts-content\"><h4 class=\"\"><a href=\"https:\/\/www.graswoodwide.com\/de\/gewinner-des-house-of-the-year-award\/\">Gewinner des House of the Year Award<\/a><\/h4><p> REM'A Arquitectos aus Portugal gewann den ArchDaily House of the Year Award in der Kategorie Best Applied Products mit einer sch\u00f6nen, nat\u00fcrlich verwitterten Lunawood-Fassade. Mit der Zeit wird der nat\u00fcrliche Alterungsprozess des Holzes sich<a href=\"https:\/\/www.graswoodwide.com\/de\/gewinner-des-house-of-the-year-award\/\"> [...]<\/a><\/p><\/div><\/article><article class=\"post fusion-column column col col-lg-6 col-md-6 col-sm-6\"><div class=\"fusion-flexslider fusion-flexslider-loading flexslider flexslider-hover-type-none\"><ul class=\"slides\"><li><a href=\"https:\/\/www.graswoodwide.com\/de\/ist-endlich-die-holzhochhaus-revolution-angebrochen\/\" aria-label=\"Ein Hochhaus aus Holz-eine neue Revolution?\" class=\"hover-type-none\"><img decoding=\"async\" width=\"600\" height=\"406\" src=\"data:image\/svg+xml,%3Csvg%20xmlns%3D%27http%3A%2F%2Fwww.w3.org%2F2000%2Fsvg%27%20width%3D%27600%27%20height%3D%27406%27%20viewBox%3D%270%200%20600%20406%27%3E%3Crect%20width%3D%27600%27%20height%3D%27406%27%20fill-opacity%3D%220%22%2F%3E%3C%2Fsvg%3E\" class=\"attachment-full size-full lazyload\" alt=\"\" data-orig-src=\"https:\/\/www.graswoodwide.com\/wp-content\/uploads\/wooden-architecture-e1583140955574.jpg\" \/><\/a><\/li><\/ul><\/div><div class=\"recent-posts-content\"><h4 class=\"\"><a href=\"https:\/\/www.graswoodwide.com\/de\/ist-endlich-die-holzhochhaus-revolution-angebrochen\/\">Ein Hochhaus aus Holz-eine neue Revolution?<\/a><\/h4><p> Das britische Unternehmen PLP Architecture hat einen Vorschlag zum Bau von drei Wolkenkratzern aus Holz vorgelegt, darunter ein 300 m hoher Turm im Herzen Londons (siehe digitale Wiedergabe). Es sieht einfach toll aus! Bef\u00fcrworter<a href=\"https:\/\/www.graswoodwide.com\/de\/ist-endlich-die-holzhochhaus-revolution-angebrochen\/\"> [...]<\/a><\/p><\/div><\/article><\/section><\/div><div class=\"fusion-clearfix\"><\/div><\/div><\/div><\/div><\/div>\n","protected":false},"excerpt":{"rendered":"","protected":false},"author":22,"featured_media":0,"parent":0,"menu_order":59,"comment_status":"closed","ping_status":"closed","template":"","meta":{"footnotes":""},"class_list":["post-8853","page","type-page","status-publish","hentry"],"yoast_head":"<!-- This site is optimized with the Yoast SEO plugin v27.2 - https:\/\/yoast.com\/product\/yoast-seo-wordpress\/ -->\n<title>Neuigkeiten (f\u00fcr Architekte) - Gras Wood Wide BV Zaandam - D\u00e9 houtimporteur van Nederland<\/title>\n<meta name=\"description\" content=\"Spezielle Neuigkeiten f\u00fcr Architekten. Gras Wood Wide sammelt und ver\u00f6ffentlicht hier interessante Artikel.\" \/>\n<meta name=\"robots\" content=\"index, follow, max-snippet:-1, max-image-preview:large, max-video-preview:-1\" \/>\n<link rel=\"canonical\" href=\"https:\/\/www.graswoodwide.com\/de\/neuigkeiten-fur-architekte\/\" \/>\n<meta property=\"og:locale\" content=\"de_DE\" \/>\n<meta property=\"og:type\" content=\"article\" \/>\n<meta property=\"og:title\" content=\"Neuigkeiten (f\u00fcr Architekte) - Gras Wood Wide BV Zaandam - D\u00e9 houtimporteur van Nederland\" \/>\n<meta property=\"og:description\" content=\"Spezielle Neuigkeiten f\u00fcr Architekten. Gras Wood Wide sammelt und ver\u00f6ffentlicht hier interessante Artikel.\" \/>\n<meta property=\"og:url\" content=\"https:\/\/www.graswoodwide.com\/de\/neuigkeiten-fur-architekte\/\" \/>\n<meta property=\"og:site_name\" content=\"Gras Wood Wide BV Zaandam - D\u00e9 houtimporteur van Nederland\" \/>\n<meta property=\"article:publisher\" content=\"https:\/\/www.facebook.com\/GrasWoodWide\/\" \/>\n<meta property=\"article:modified_time\" content=\"2021-02-26T15:10:38+00:00\" \/>\n<meta name=\"twitter:label1\" content=\"Gesch\u00e4tzte Lesezeit\" \/>\n\t<meta name=\"twitter:data1\" content=\"1\u00a0Minute\" \/>\n<script type=\"application\/ld+json\" class=\"yoast-schema-graph\">{\"@context\":\"https:\/\/schema.org\",\"@graph\":[{\"@type\":\"WebPage\",\"@id\":\"https:\/\/www.graswoodwide.com\/de\/neuigkeiten-fur-architekte\/\",\"url\":\"https:\/\/www.graswoodwide.com\/de\/neuigkeiten-fur-architekte\/\",\"name\":\"Neuigkeiten (f\u00fcr Architekte) - Gras Wood Wide BV Zaandam - D\u00e9 houtimporteur van Nederland\",\"isPartOf\":{\"@id\":\"https:\/\/www.graswoodwide.com\/de\/#website\"},\"datePublished\":\"2021-02-26T11:29:57+00:00\",\"dateModified\":\"2021-02-26T15:10:38+00:00\",\"description\":\"Spezielle Neuigkeiten f\u00fcr Architekten. Gras Wood Wide sammelt und ver\u00f6ffentlicht hier interessante Artikel.\",\"breadcrumb\":{\"@id\":\"https:\/\/www.graswoodwide.com\/de\/neuigkeiten-fur-architekte\/#breadcrumb\"},\"inLanguage\":\"de\",\"potentialAction\":[{\"@type\":\"ReadAction\",\"target\":[\"https:\/\/www.graswoodwide.com\/de\/neuigkeiten-fur-architekte\/\"]}]},{\"@type\":\"BreadcrumbList\",\"@id\":\"https:\/\/www.graswoodwide.com\/de\/neuigkeiten-fur-architekte\/#breadcrumb\",\"itemListElement\":[{\"@type\":\"ListItem\",\"position\":1,\"name\":\"Home\",\"item\":\"https:\/\/www.graswoodwide.com\/de\/\"},{\"@type\":\"ListItem\",\"position\":2,\"name\":\"Neuigkeiten (f\u00fcr Architekte)\"}]},{\"@type\":\"WebSite\",\"@id\":\"https:\/\/www.graswoodwide.com\/de\/#website\",\"url\":\"https:\/\/www.graswoodwide.com\/de\/\",\"name\":\"Gras Wood Wide BV Zaandam - D\u00e9 houtimporteur van Nederland\",\"description\":\"D\u00e9 houtimporteurs van Nederland!\",\"publisher\":{\"@id\":\"https:\/\/www.graswoodwide.com\/de\/#organization\"},\"potentialAction\":[{\"@type\":\"SearchAction\",\"target\":{\"@type\":\"EntryPoint\",\"urlTemplate\":\"https:\/\/www.graswoodwide.com\/de\/?s={search_term_string}\"},\"query-input\":{\"@type\":\"PropertyValueSpecification\",\"valueRequired\":true,\"valueName\":\"search_term_string\"}}],\"inLanguage\":\"de\"},{\"@type\":\"Organization\",\"@id\":\"https:\/\/www.graswoodwide.com\/de\/#organization\",\"name\":\"Gras Wood Wide BV; d\u00e9 houtimporteurs in Nederland\",\"url\":\"https:\/\/www.graswoodwide.com\/de\/\",\"logo\":{\"@type\":\"ImageObject\",\"inLanguage\":\"de\",\"@id\":\"https:\/\/www.graswoodwide.com\/de\/#\/schema\/logo\/image\/\",\"url\":\"https:\/\/www.graswoodwide.com\/wp-content\/uploads\/Woodwide-logo1-trans.png\",\"contentUrl\":\"https:\/\/www.graswoodwide.com\/wp-content\/uploads\/Woodwide-logo1-trans.png\",\"width\":421,\"height\":224,\"caption\":\"Gras Wood Wide BV; d\u00e9 houtimporteurs in Nederland\"},\"image\":{\"@id\":\"https:\/\/www.graswoodwide.com\/de\/#\/schema\/logo\/image\/\"},\"sameAs\":[\"https:\/\/www.facebook.com\/GrasWoodWide\/\",\"https:\/\/x.com\/GrasWoodWide\",\"https:\/\/www.instagram.com\/graswoodwide\/\",\"https:\/\/www.linkedin.com\/company\/graswoodwide\/\"]}]}<\/script>\n<!-- \/ Yoast SEO plugin. -->","yoast_head_json":{"title":"Neuigkeiten (f\u00fcr Architekte) - Gras Wood Wide BV Zaandam - D\u00e9 houtimporteur van Nederland","description":"Spezielle Neuigkeiten f\u00fcr Architekten. Gras Wood Wide sammelt und ver\u00f6ffentlicht hier interessante Artikel.","robots":{"index":"index","follow":"follow","max-snippet":"max-snippet:-1","max-image-preview":"max-image-preview:large","max-video-preview":"max-video-preview:-1"},"canonical":"https:\/\/www.graswoodwide.com\/de\/neuigkeiten-fur-architekte\/","og_locale":"de_DE","og_type":"article","og_title":"Neuigkeiten (f\u00fcr Architekte) - Gras Wood Wide BV Zaandam - D\u00e9 houtimporteur van Nederland","og_description":"Spezielle Neuigkeiten f\u00fcr Architekten. Gras Wood Wide sammelt und ver\u00f6ffentlicht hier interessante Artikel.","og_url":"https:\/\/www.graswoodwide.com\/de\/neuigkeiten-fur-architekte\/","og_site_name":"Gras Wood Wide BV Zaandam - D\u00e9 houtimporteur van Nederland","article_publisher":"https:\/\/www.facebook.com\/GrasWoodWide\/","article_modified_time":"2021-02-26T15:10:38+00:00","twitter_misc":{"Gesch\u00e4tzte Lesezeit":"1\u00a0Minute"},"schema":{"@context":"https:\/\/schema.org","@graph":[{"@type":"WebPage","@id":"https:\/\/www.graswoodwide.com\/de\/neuigkeiten-fur-architekte\/","url":"https:\/\/www.graswoodwide.com\/de\/neuigkeiten-fur-architekte\/","name":"Neuigkeiten (f\u00fcr Architekte) - Gras Wood Wide BV Zaandam - D\u00e9 houtimporteur van Nederland","isPartOf":{"@id":"https:\/\/www.graswoodwide.com\/de\/#website"},"datePublished":"2021-02-26T11:29:57+00:00","dateModified":"2021-02-26T15:10:38+00:00","description":"Spezielle Neuigkeiten f\u00fcr Architekten. Gras Wood Wide sammelt und ver\u00f6ffentlicht hier interessante Artikel.","breadcrumb":{"@id":"https:\/\/www.graswoodwide.com\/de\/neuigkeiten-fur-architekte\/#breadcrumb"},"inLanguage":"de","potentialAction":[{"@type":"ReadAction","target":["https:\/\/www.graswoodwide.com\/de\/neuigkeiten-fur-architekte\/"]}]},{"@type":"BreadcrumbList","@id":"https:\/\/www.graswoodwide.com\/de\/neuigkeiten-fur-architekte\/#breadcrumb","itemListElement":[{"@type":"ListItem","position":1,"name":"Home","item":"https:\/\/www.graswoodwide.com\/de\/"},{"@type":"ListItem","position":2,"name":"Neuigkeiten (f\u00fcr Architekte)"}]},{"@type":"WebSite","@id":"https:\/\/www.graswoodwide.com\/de\/#website","url":"https:\/\/www.graswoodwide.com\/de\/","name":"Gras Wood Wide BV Zaandam - D\u00e9 houtimporteur van Nederland","description":"D\u00e9 houtimporteurs van Nederland!","publisher":{"@id":"https:\/\/www.graswoodwide.com\/de\/#organization"},"potentialAction":[{"@type":"SearchAction","target":{"@type":"EntryPoint","urlTemplate":"https:\/\/www.graswoodwide.com\/de\/?s={search_term_string}"},"query-input":{"@type":"PropertyValueSpecification","valueRequired":true,"valueName":"search_term_string"}}],"inLanguage":"de"},{"@type":"Organization","@id":"https:\/\/www.graswoodwide.com\/de\/#organization","name":"Gras Wood Wide BV; d\u00e9 houtimporteurs in Nederland","url":"https:\/\/www.graswoodwide.com\/de\/","logo":{"@type":"ImageObject","inLanguage":"de","@id":"https:\/\/www.graswoodwide.com\/de\/#\/schema\/logo\/image\/","url":"https:\/\/www.graswoodwide.com\/wp-content\/uploads\/Woodwide-logo1-trans.png","contentUrl":"https:\/\/www.graswoodwide.com\/wp-content\/uploads\/Woodwide-logo1-trans.png","width":421,"height":224,"caption":"Gras Wood Wide BV; d\u00e9 houtimporteurs in Nederland"},"image":{"@id":"https:\/\/www.graswoodwide.com\/de\/#\/schema\/logo\/image\/"},"sameAs":["https:\/\/www.facebook.com\/GrasWoodWide\/","https:\/\/x.com\/GrasWoodWide","https:\/\/www.instagram.com\/graswoodwide\/","https:\/\/www.linkedin.com\/company\/graswoodwide\/"]}]}},"_links":{"self":[{"href":"https:\/\/www.graswoodwide.com\/de\/wp-json\/wp\/v2\/pages\/8853","targetHints":{"allow":["GET"]}}],"collection":[{"href":"https:\/\/www.graswoodwide.com\/de\/wp-json\/wp\/v2\/pages"}],"about":[{"href":"https:\/\/www.graswoodwide.com\/de\/wp-json\/wp\/v2\/types\/page"}],"author":[{"embeddable":true,"href":"https:\/\/www.graswoodwide.com\/de\/wp-json\/wp\/v2\/users\/22"}],"replies":[{"embeddable":true,"href":"https:\/\/www.graswoodwide.com\/de\/wp-json\/wp\/v2\/comments?post=8853"}],"version-history":[{"count":0,"href":"https:\/\/www.graswoodwide.com\/de\/wp-json\/wp\/v2\/pages\/8853\/revisions"}],"wp:attachment":[{"href":"https:\/\/www.graswoodwide.com\/de\/wp-json\/wp\/v2\/media?parent=8853"}],"curies":[{"name":"wp","href":"https:\/\/api.w.org\/{rel}","templated":true}]}}