{"id":8935,"date":"2021-08-26T13:23:04","date_gmt":"2021-08-26T13:23:04","guid":{"rendered":"https:\/\/www.graswoodwide.com\/datenschutzerklarung\/"},"modified":"2021-10-25T12:00:44","modified_gmt":"2021-10-25T12:00:44","slug":"datenschutzerklarung","status":"publish","type":"page","link":"https:\/\/www.graswoodwide.com\/de\/datenschutzerklarung\/","title":{"rendered":"Datenschutzerkl\u00e4rung"},"content":{"rendered":"<div class=\"fusion-fullwidth fullwidth-box fusion-builder-row-1 nonhundred-percent-fullwidth non-hundred-percent-height-scrolling\" style=\"--awb-border-radius-top-left:0px;--awb-border-radius-top-right:0px;--awb-border-radius-bottom-right:0px;--awb-border-radius-bottom-left:0px;--awb-flex-wrap:wrap;\" ><div class=\"fusion-builder-row fusion-row\"><div class=\"fusion-layout-column fusion_builder_column fusion-builder-column-0 fusion_builder_column_1_1 1_1 fusion-one-full fusion-column-first fusion-column-last\" style=\"--awb-bg-size:cover;--awb-margin-bottom:0px;\"><div class=\"fusion-column-wrapper fusion-flex-column-wrapper-legacy\"><div class=\"fusion-text fusion-text-1\"><p>Seit dem 25. Mai 2018 gilt die <em>Datenschutz-Grundverordnung<\/em> (DSGVO). D. h. seitdem gelten in der gesamten Europ\u00e4ischen Union (EU) die gleichen Datenschutzgesetze. Die vorherigen Datenschutzgesetze der europ\u00e4ischen L\u00e4nder finden seitdem keine Anwendung mehr.<\/p>\n<p><strong>Gras Wood Wide BV<\/strong>, der Mutterkonzern, hat sein M\u00f6glichstes getan, um alle Gesch\u00e4ftsbereiche bis zu diesem Datum mit allen neuen Vorschriften in Einklang zu bringen. Und es ist uns gelungen.<\/p>\n<p>Wir verarbeiten Firmen- und Personendaten unserer Kunden. Aufgrund der Sensibilit\u00e4t dieser Daten legen wir gro\u00dfen Wert auf den Datenschutz. In unserer Datenschutzerkl\u00e4rung k\u00f6nnen Sie nachlesen, welche Daten wir verarbeiten und zu welchem Zweck.<\/p>\n<p>Wenn Sie weitere Fragen haben oder Ihr Recht aus\u00fcben m\u00f6chten, wenden Sie sich bitte an Herrn Marko Sassen \u00fcber die E-Mail-Adresse: <a href=\"mailto:marko.sassen@houtimportgras.nl\">marko.sassen@houtimportgras.nl<\/a> mit dem Betreff \u201ePrivacy\u201c<\/p>\n<\/div><div class=\"fusion-title title fusion-title-1 fusion-sep-none fusion-title-text fusion-title-size-three\" style=\"--awb-margin-top:20px;--awb-margin-bottom:20px;--awb-margin-top-small:0px;--awb-margin-right-small:0px;--awb-margin-bottom-small:20px;--awb-margin-left-small:0px;\"><h3 class=\"fusion-title-heading title-heading-left\" style=\"margin:0;\">Vollst\u00e4ndige Version der Datenschutzerkl\u00e4rung<\/h3><\/div><div class=\"fusion-text fusion-text-2\"><p><a href=\"\/wp-content\/uploads\/Privacyverklaring-DUI.pdf\" target=\"_blank\" rel=\"noopener noreferrer\">Lesen Sie hier unsere Datenschutzerkl\u00e4rung<\/a> (im PDF-Format).<\/p>\n<\/div><div class=\"fusion-sep-clear\"><\/div><div class=\"fusion-separator fusion-full-width-sep\" style=\"margin-left: auto;margin-right: auto;margin-top:20px;margin-bottom:5px;width:100%;\"><div class=\"fusion-separator-border sep-single sep-solid\" style=\"--awb-height:20px;--awb-amount:20px;border-color:#e0dede;border-top-width:1px;\"><\/div><\/div><div class=\"fusion-sep-clear\"><\/div><div class=\"fusion-text fusion-text-3\"><p><a href=\"https:\/\/get.adobe.com\/nl\/reader\/\" target=\"_blank\" rel=\"noopener noreferrer\"><img class=\"lazyload\" decoding=\"async\" src=\"data:image\/svg+xml,%3Csvg%20xmlns%3D%27http%3A%2F%2Fwww.w3.org%2F2000%2Fsvg%27%20width%3D%27112%27%20height%3D%2733%27%20viewBox%3D%270%200%20112%2033%27%3E%3Crect%20width%3D%27112%27%20height%3D%2733%27%20fill-opacity%3D%220%22%2F%3E%3C%2Fsvg%3E\" data-orig-src=\"https:\/\/www.adobe.com\/images\/shared\/download_buttons\/get_adobe_reader.gif\" alt=\"\" width=\"112\" height=\"33\" align=\"left\" border=\"0\" hspace=\"8\" vspace=\"2\" \/><\/a> Wenn Sie keine PDF-Dateien \u00f6ffnen k\u00f6nnen, laden Sie zun\u00e4chst den Adobe Reader \u00fcber die angezeigte Schaltfl\u00e4che herunter und installieren Sie ihn oder verwenden Sie einen der folgenden ger\u00e4tespezifischen Links:<\/p>\n<p><a href=\"https:\/\/itunes.apple.com\/app\/adobe-reader\/id469337564?mt=8\" target=\"_blank\" rel=\"noopener noreferrer\" shape=\"rect\">Download Adobe\u00ae Reader\u00ae f\u00fcr iPad oder iPhone<\/a> | <a href=\"https:\/\/play.google.com\/store\/apps\/details?id=com.adobe.reader\" target=\"_blank\" rel=\"noopener noreferrer\" shape=\"rect\">Android<\/a> | <a href=\"https:\/\/www.adobe.com\/nl\/products\/reader.html\" target=\"_blank\" rel=\"noopener noreferrer\" shape=\"rect\">Desktop<\/a><\/p>\n<\/div><div class=\"fusion-clearfix\"><\/div><\/div><\/div><\/div><\/div>\n","protected":false},"excerpt":{"rendered":"","protected":false},"author":22,"featured_media":0,"parent":0,"menu_order":73,"comment_status":"closed","ping_status":"closed","template":"100-width.php","meta":{"footnotes":""},"class_list":["post-8935","page","type-page","status-publish","hentry"],"yoast_head":"<!-- This site is optimized with the Yoast SEO plugin v27.2 - https:\/\/yoast.com\/product\/yoast-seo-wordpress\/ -->\n<title>Datenschutzerkl\u00e4rung - Gras Wood Wide BV Zaandam - D\u00e9 houtimporteur van Nederland<\/title>\n<meta name=\"description\" content=\"Hier finden Sie unsere Datenschutzerkl\u00e4rung gem\u00e4\u00df den EU-Vorschriften. Auf Deutsch DSGVO (Datenschutz-Grundverordnung) genannt.\" \/>\n<meta name=\"robots\" content=\"index, follow, max-snippet:-1, max-image-preview:large, max-video-preview:-1\" \/>\n<link rel=\"canonical\" href=\"https:\/\/www.graswoodwide.com\/de\/datenschutzerklarung\/\" \/>\n<meta property=\"og:locale\" content=\"de_DE\" \/>\n<meta property=\"og:type\" content=\"article\" \/>\n<meta property=\"og:title\" content=\"Datenschutzerkl\u00e4rung - Gras Wood Wide BV Zaandam - D\u00e9 houtimporteur van Nederland\" \/>\n<meta property=\"og:description\" content=\"Hier finden Sie unsere Datenschutzerkl\u00e4rung gem\u00e4\u00df den EU-Vorschriften. Auf Deutsch DSGVO (Datenschutz-Grundverordnung) genannt.\" \/>\n<meta property=\"og:url\" content=\"https:\/\/www.graswoodwide.com\/de\/datenschutzerklarung\/\" \/>\n<meta property=\"og:site_name\" content=\"Gras Wood Wide BV Zaandam - D\u00e9 houtimporteur van Nederland\" \/>\n<meta property=\"article:publisher\" content=\"https:\/\/www.facebook.com\/GrasWoodWide\/\" \/>\n<meta property=\"article:modified_time\" content=\"2021-10-25T12:00:44+00:00\" \/>\n<meta property=\"og:image\" content=\"https:\/\/www.adobe.com\/images\/shared\/download_buttons\/get_adobe_reader.gif\" \/>\n<meta name=\"twitter:label1\" content=\"Gesch\u00e4tzte Lesezeit\" \/>\n\t<meta name=\"twitter:data1\" content=\"2\u00a0Minuten\" \/>\n<script type=\"application\/ld+json\" class=\"yoast-schema-graph\">{\"@context\":\"https:\/\/schema.org\",\"@graph\":[{\"@type\":\"WebPage\",\"@id\":\"https:\/\/www.graswoodwide.com\/de\/datenschutzerklarung\/\",\"url\":\"https:\/\/www.graswoodwide.com\/de\/datenschutzerklarung\/\",\"name\":\"Datenschutzerkl\u00e4rung - Gras Wood Wide BV Zaandam - D\u00e9 houtimporteur van Nederland\",\"isPartOf\":{\"@id\":\"https:\/\/www.graswoodwide.com\/de\/#website\"},\"primaryImageOfPage\":{\"@id\":\"https:\/\/www.graswoodwide.com\/de\/datenschutzerklarung\/#primaryimage\"},\"image\":{\"@id\":\"https:\/\/www.graswoodwide.com\/de\/datenschutzerklarung\/#primaryimage\"},\"thumbnailUrl\":\"https:\/\/www.adobe.com\/images\/shared\/download_buttons\/get_adobe_reader.gif\",\"datePublished\":\"2021-08-26T13:23:04+00:00\",\"dateModified\":\"2021-10-25T12:00:44+00:00\",\"description\":\"Hier finden Sie unsere Datenschutzerkl\u00e4rung gem\u00e4\u00df den EU-Vorschriften. Auf Deutsch DSGVO (Datenschutz-Grundverordnung) genannt.\",\"breadcrumb\":{\"@id\":\"https:\/\/www.graswoodwide.com\/de\/datenschutzerklarung\/#breadcrumb\"},\"inLanguage\":\"de\",\"potentialAction\":[{\"@type\":\"ReadAction\",\"target\":[\"https:\/\/www.graswoodwide.com\/de\/datenschutzerklarung\/\"]}]},{\"@type\":\"ImageObject\",\"inLanguage\":\"de\",\"@id\":\"https:\/\/www.graswoodwide.com\/de\/datenschutzerklarung\/#primaryimage\",\"url\":\"https:\/\/www.adobe.com\/images\/shared\/download_buttons\/get_adobe_reader.gif\",\"contentUrl\":\"https:\/\/www.adobe.com\/images\/shared\/download_buttons\/get_adobe_reader.gif\"},{\"@type\":\"BreadcrumbList\",\"@id\":\"https:\/\/www.graswoodwide.com\/de\/datenschutzerklarung\/#breadcrumb\",\"itemListElement\":[{\"@type\":\"ListItem\",\"position\":1,\"name\":\"Home\",\"item\":\"https:\/\/www.graswoodwide.com\/de\/\"},{\"@type\":\"ListItem\",\"position\":2,\"name\":\"Datenschutzerkl\u00e4rung\"}]},{\"@type\":\"WebSite\",\"@id\":\"https:\/\/www.graswoodwide.com\/de\/#website\",\"url\":\"https:\/\/www.graswoodwide.com\/de\/\",\"name\":\"Gras Wood Wide BV Zaandam - D\u00e9 houtimporteur van Nederland\",\"description\":\"D\u00e9 houtimporteurs van Nederland!\",\"publisher\":{\"@id\":\"https:\/\/www.graswoodwide.com\/de\/#organization\"},\"potentialAction\":[{\"@type\":\"SearchAction\",\"target\":{\"@type\":\"EntryPoint\",\"urlTemplate\":\"https:\/\/www.graswoodwide.com\/de\/?s={search_term_string}\"},\"query-input\":{\"@type\":\"PropertyValueSpecification\",\"valueRequired\":true,\"valueName\":\"search_term_string\"}}],\"inLanguage\":\"de\"},{\"@type\":\"Organization\",\"@id\":\"https:\/\/www.graswoodwide.com\/de\/#organization\",\"name\":\"Gras Wood Wide BV; d\u00e9 houtimporteurs in Nederland\",\"url\":\"https:\/\/www.graswoodwide.com\/de\/\",\"logo\":{\"@type\":\"ImageObject\",\"inLanguage\":\"de\",\"@id\":\"https:\/\/www.graswoodwide.com\/de\/#\/schema\/logo\/image\/\",\"url\":\"https:\/\/www.graswoodwide.com\/wp-content\/uploads\/Woodwide-logo1-trans.png\",\"contentUrl\":\"https:\/\/www.graswoodwide.com\/wp-content\/uploads\/Woodwide-logo1-trans.png\",\"width\":421,\"height\":224,\"caption\":\"Gras Wood Wide BV; d\u00e9 houtimporteurs in Nederland\"},\"image\":{\"@id\":\"https:\/\/www.graswoodwide.com\/de\/#\/schema\/logo\/image\/\"},\"sameAs\":[\"https:\/\/www.facebook.com\/GrasWoodWide\/\",\"https:\/\/x.com\/GrasWoodWide\",\"https:\/\/www.instagram.com\/graswoodwide\/\",\"https:\/\/www.linkedin.com\/company\/graswoodwide\/\"]}]}<\/script>\n<!-- \/ Yoast SEO plugin. -->","yoast_head_json":{"title":"Datenschutzerkl\u00e4rung - Gras Wood Wide BV Zaandam - D\u00e9 houtimporteur van Nederland","description":"Hier finden Sie unsere Datenschutzerkl\u00e4rung gem\u00e4\u00df den EU-Vorschriften. Auf Deutsch DSGVO (Datenschutz-Grundverordnung) genannt.","robots":{"index":"index","follow":"follow","max-snippet":"max-snippet:-1","max-image-preview":"max-image-preview:large","max-video-preview":"max-video-preview:-1"},"canonical":"https:\/\/www.graswoodwide.com\/de\/datenschutzerklarung\/","og_locale":"de_DE","og_type":"article","og_title":"Datenschutzerkl\u00e4rung - Gras Wood Wide BV Zaandam - D\u00e9 houtimporteur van Nederland","og_description":"Hier finden Sie unsere Datenschutzerkl\u00e4rung gem\u00e4\u00df den EU-Vorschriften. Auf Deutsch DSGVO (Datenschutz-Grundverordnung) genannt.","og_url":"https:\/\/www.graswoodwide.com\/de\/datenschutzerklarung\/","og_site_name":"Gras Wood Wide BV Zaandam - D\u00e9 houtimporteur van Nederland","article_publisher":"https:\/\/www.facebook.com\/GrasWoodWide\/","article_modified_time":"2021-10-25T12:00:44+00:00","og_image":[{"url":"https:\/\/www.adobe.com\/images\/shared\/download_buttons\/get_adobe_reader.gif","type":"","width":"","height":""}],"twitter_misc":{"Gesch\u00e4tzte Lesezeit":"2\u00a0Minuten"},"schema":{"@context":"https:\/\/schema.org","@graph":[{"@type":"WebPage","@id":"https:\/\/www.graswoodwide.com\/de\/datenschutzerklarung\/","url":"https:\/\/www.graswoodwide.com\/de\/datenschutzerklarung\/","name":"Datenschutzerkl\u00e4rung - Gras Wood Wide BV Zaandam - D\u00e9 houtimporteur van Nederland","isPartOf":{"@id":"https:\/\/www.graswoodwide.com\/de\/#website"},"primaryImageOfPage":{"@id":"https:\/\/www.graswoodwide.com\/de\/datenschutzerklarung\/#primaryimage"},"image":{"@id":"https:\/\/www.graswoodwide.com\/de\/datenschutzerklarung\/#primaryimage"},"thumbnailUrl":"https:\/\/www.adobe.com\/images\/shared\/download_buttons\/get_adobe_reader.gif","datePublished":"2021-08-26T13:23:04+00:00","dateModified":"2021-10-25T12:00:44+00:00","description":"Hier finden Sie unsere Datenschutzerkl\u00e4rung gem\u00e4\u00df den EU-Vorschriften. Auf Deutsch DSGVO (Datenschutz-Grundverordnung) genannt.","breadcrumb":{"@id":"https:\/\/www.graswoodwide.com\/de\/datenschutzerklarung\/#breadcrumb"},"inLanguage":"de","potentialAction":[{"@type":"ReadAction","target":["https:\/\/www.graswoodwide.com\/de\/datenschutzerklarung\/"]}]},{"@type":"ImageObject","inLanguage":"de","@id":"https:\/\/www.graswoodwide.com\/de\/datenschutzerklarung\/#primaryimage","url":"https:\/\/www.adobe.com\/images\/shared\/download_buttons\/get_adobe_reader.gif","contentUrl":"https:\/\/www.adobe.com\/images\/shared\/download_buttons\/get_adobe_reader.gif"},{"@type":"BreadcrumbList","@id":"https:\/\/www.graswoodwide.com\/de\/datenschutzerklarung\/#breadcrumb","itemListElement":[{"@type":"ListItem","position":1,"name":"Home","item":"https:\/\/www.graswoodwide.com\/de\/"},{"@type":"ListItem","position":2,"name":"Datenschutzerkl\u00e4rung"}]},{"@type":"WebSite","@id":"https:\/\/www.graswoodwide.com\/de\/#website","url":"https:\/\/www.graswoodwide.com\/de\/","name":"Gras Wood Wide BV Zaandam - D\u00e9 houtimporteur van Nederland","description":"D\u00e9 houtimporteurs van Nederland!","publisher":{"@id":"https:\/\/www.graswoodwide.com\/de\/#organization"},"potentialAction":[{"@type":"SearchAction","target":{"@type":"EntryPoint","urlTemplate":"https:\/\/www.graswoodwide.com\/de\/?s={search_term_string}"},"query-input":{"@type":"PropertyValueSpecification","valueRequired":true,"valueName":"search_term_string"}}],"inLanguage":"de"},{"@type":"Organization","@id":"https:\/\/www.graswoodwide.com\/de\/#organization","name":"Gras Wood Wide BV; d\u00e9 houtimporteurs in Nederland","url":"https:\/\/www.graswoodwide.com\/de\/","logo":{"@type":"ImageObject","inLanguage":"de","@id":"https:\/\/www.graswoodwide.com\/de\/#\/schema\/logo\/image\/","url":"https:\/\/www.graswoodwide.com\/wp-content\/uploads\/Woodwide-logo1-trans.png","contentUrl":"https:\/\/www.graswoodwide.com\/wp-content\/uploads\/Woodwide-logo1-trans.png","width":421,"height":224,"caption":"Gras Wood Wide BV; d\u00e9 houtimporteurs in Nederland"},"image":{"@id":"https:\/\/www.graswoodwide.com\/de\/#\/schema\/logo\/image\/"},"sameAs":["https:\/\/www.facebook.com\/GrasWoodWide\/","https:\/\/x.com\/GrasWoodWide","https:\/\/www.instagram.com\/graswoodwide\/","https:\/\/www.linkedin.com\/company\/graswoodwide\/"]}]}},"_links":{"self":[{"href":"https:\/\/www.graswoodwide.com\/de\/wp-json\/wp\/v2\/pages\/8935","targetHints":{"allow":["GET"]}}],"collection":[{"href":"https:\/\/www.graswoodwide.com\/de\/wp-json\/wp\/v2\/pages"}],"about":[{"href":"https:\/\/www.graswoodwide.com\/de\/wp-json\/wp\/v2\/types\/page"}],"author":[{"embeddable":true,"href":"https:\/\/www.graswoodwide.com\/de\/wp-json\/wp\/v2\/users\/22"}],"replies":[{"embeddable":true,"href":"https:\/\/www.graswoodwide.com\/de\/wp-json\/wp\/v2\/comments?post=8935"}],"version-history":[{"count":0,"href":"https:\/\/www.graswoodwide.com\/de\/wp-json\/wp\/v2\/pages\/8935\/revisions"}],"wp:attachment":[{"href":"https:\/\/www.graswoodwide.com\/de\/wp-json\/wp\/v2\/media?parent=8935"}],"curies":[{"name":"wp","href":"https:\/\/api.w.org\/{rel}","templated":true}]}}